{"id":942,"date":"2019-02-11T13:08:02","date_gmt":"2019-02-11T12:08:02","guid":{"rendered":"https:\/\/pbpo.pl\/?page_id=942"},"modified":"2025-11-17T17:43:16","modified_gmt":"2025-11-17T16:43:16","slug":"oferta-dla-firm","status":"publish","type":"page","link":"https:\/\/pbpo.pl\/?page_id=942","title":{"rendered":"Oferta dla firm, instytucji, szk\u00f3\u0142"},"content":{"rendered":"[et_pb_section fb_built=&#8221;1&#8243; module_id=&#8221;tlo_kolor&#8221; _builder_version=&#8221;4.16&#8243; parallax=&#8221;on&#8221; parallax_method=&#8221;off&#8221; custom_margin=&#8221;10px|||&#8221; custom_padding=&#8221;0px|10px|10px|10px&#8221; global_colors_info=&#8221;{}&#8221;][et_pb_row module_id=&#8221;tlo_biale&#8221; _builder_version=&#8221;4.16&#8243; parallax=&#8221;on&#8221; parallax_method=&#8221;off&#8221; custom_padding=&#8221;|20px||20px&#8221; global_colors_info=&#8221;{}&#8221;][et_pb_column type=&#8221;4_4&#8243; _builder_version=&#8221;4.16&#8243; custom_padding=&#8221;|||&#8221; global_colors_info=&#8221;{}&#8221; custom_padding__hover=&#8221;|||&#8221;][et_pb_text admin_label=&#8221;Oferta dla firm&#8221; _builder_version=&#8221;4.16&#8243; animation_style=&#8221;zoom&#8221; global_colors_info=&#8221;{}&#8221;]\n<h2 id=\"terminy_ceny\">Oferta dla firm, instytucji, szk\u00f3\u0142<\/h2>\n[\/et_pb_text][\/et_pb_column][\/et_pb_row][et_pb_row column_structure=&#8221;2_3,1_3&#8243; module_id=&#8221;tlo_biale&#8221; _builder_version=&#8221;4.16&#8243; parallax=&#8221;on&#8221; parallax_method=&#8221;off&#8221; custom_padding=&#8221;0px|20px|0px|20px&#8221; global_colors_info=&#8221;{}&#8221;][et_pb_column type=&#8221;2_3&#8243; _builder_version=&#8221;4.16&#8243; custom_padding=&#8221;|||&#8221; global_colors_info=&#8221;{}&#8221; custom_padding__hover=&#8221;|||&#8221;][et_pb_text ul_type=&#8221;circle&#8221; module_id=&#8221;dok&#8221; _builder_version=&#8221;4.21.0&#8243; link_text_color=&#8221;#3b76d6&#8243; animation_style=&#8221;zoom&#8221; hover_enabled=&#8221;0&#8243; global_colors_info=&#8221;{}&#8221; sticky_enabled=&#8221;0&#8243;]\n<p>Szanowni Pa\u0144stwo,<\/p>\n<p><strong>Polskie Biuro Podr\u00f3\u017cy Olsztyn Sp. z o.o.<\/strong> (<a href=\"https:\/\/pbpo.pl\/o-nas\/\" target=\"_blank\" rel=\"noopener\">PBPO<\/a>) jest\u00a0 touroperatorem specjalizuj\u0105cym si\u0119 w profesjonalnej aran\u017cacji i realizacji wycieczek autokarowych i lotniczych po Europie i na Kaukaz.<\/p>\n<p>Opr\u00f3cz naszej oferty katalogowej zajmujemy si\u0119 r\u00f3wnie\u017c organizacj\u0105 wyjazd\u00f3w firmowych oraz szkolnych. Jeste\u015bmy zorientowani na dynamicznie zmieniaj\u0105ce si\u0119 potrzeby klient\u00f3w.<\/p>\n<p><strong>Wystarczy, \u017ce otrzymamy informacj\u0119 o interesuj\u0105cym Pa\u0144stwa kierunku, terminie, ilo\u015bci dni oraz ilo\u015bci uczestnik\u00f3w, a w ci\u0105gu 72 godzin otrzymaj\u0105 Pa\u0144stwo kompleksow\u0105 propozycj\u0119 wycieczki zawieraj\u0105c\u0105 aran\u017cacje transportu, hoteli, posi\u0142k\u00f3w, pilota, przewodnik\u00f3w oraz programu zwiedzania.<br \/><\/strong><\/p>\n<p>Niezale\u017cnie od wybranej przez Pa\u0144stwa formy wycieczki, PBPO zapewni Wam:<\/p>\n<ul>\n<li>mi\u0142\u0105, szybk\u0105 i kompleksow\u0105 obs\u0142ug\u0119<\/li>\n<li>propozycj\u0119 bogatego i ciekawego programu<\/li>\n<li>najlepsze dost\u0119pne hotele<\/li>\n<li>kompetentnych pilot\u00f3w i przewodnik\u00f3w<\/li>\n<li>nowoczesne autokary o wysokim standardzie<\/li>\n<li>efektywne zwiedzanie z obs\u0142ug\u0105 w systemie TOUR GUIDE<\/li>\n<li>rozs\u0105dne ceny<\/li>\n<\/ul>\n<p>Wieloletnie do\u015bwiadczenie zespo\u0142u PBPO i d\u0105\u017cenie do perfekcji w organizacji oraz realizacji wycieczek wraz z wieloma pozytywnymi opiniami daje nam przekonanie, i\u017c jeste\u015bmy <strong>gwarancj\u0105 najwy\u017cszej jako\u015bci i bezpiecze\u0144stwa.<\/strong> Zgodnie z procedurami firmy wszystkie nasze imprezy przed i po ich realizacji s\u0105 dok\u0142adnie analizowane wed\u0142ug rygorystycznych kryteri\u00f3w.<\/p>\n<p>Jeste\u015bmy firm\u0105 z 100% udzia\u0142em polskiego kapita\u0142u <a href=\"https:\/\/pbpo.pl\/wp-content\/uploads\/2018\/10\/zawiadczenie_o_wpisie_do_rejestru_organizatorw_i_porednikw_turystycznych.pdf\" target=\"_blank\" rel=\"noopener\">Wpis do Rejestru Organizator\u00f3w i Po\u015brednik\u00f3w Turystycznych<\/a>.<strong><br \/><\/strong>Polskie Biuro Podr\u00f3\u017cy Olsztyn Sp. z o.o., zgodnie z ustaw\u0105 o us\u0142ugach turystycznych, posiada <a href=\"https:\/\/pbpo.pl\/wp-content\/uploads\/2025\/09\/Gwarancja_25.pdf\" target=\"_blank\" rel=\"noopener\">Gwarancj\u0119 Ubezpieczeniow\u0105<\/a> wydan\u0105 przez Signal Iduna Polska \u2013 Towarzystwo Ubezpiecze\u0144 S.A.<\/p>\n<p><em>Zapraszamy do wsp\u00f3\u0142pracy,<br \/>Zesp\u00f3\u0142 PBPO<\/em><\/p>\n<p><strong>WYCENA<\/strong><\/p>\n<p>Programy wyceniane s\u0105 w zale\u017cno\u015bci od kierunku, terminu, liczby uczestnik\u00f3w, czasu trwania oraz wybranych atrakcji. Aby przygotowa\u0107 program w pe\u0142ni odpowiadaj\u0105cy Pa\u0144stwa potrzebom, prosimy o przes\u0142anie zapytania zawieraj\u0105cego podstawowe informacje zwi\u0105zane z planowanym przez Pa\u0144stwa wyjazdem. Gwarantujemy odpowied\u017a na wszelkie pytania w ci\u0105gu 72 godzin!<\/p>\n<p><strong>KONTAKT<\/strong><\/p>\n<p>biuro@pbpo.pl<br \/>(+48 89) 535-08-18<br \/>(+48) 606-607-061<br \/>ul. Knosa\u0142y 7 lok. 2, 10-015 Olsztyn<\/p>\n[\/et_pb_text][\/et_pb_column][et_pb_column type=&#8221;1_3&#8243; _builder_version=&#8221;4.16&#8243; custom_padding=&#8221;|||&#8221; global_colors_info=&#8221;{}&#8221; custom_padding__hover=&#8221;|||&#8221;][et_pb_image src=&#8221;https:\/\/pbpo.pl\/wp-content\/uploads\/2024\/01\/plb-5.png&#8221; title_text=&#8221;plb (5)&#8221; align_tablet=&#8221;center&#8221; align_phone=&#8221;center&#8221; align_last_edited=&#8221;on|desktop&#8221; _builder_version=&#8221;4.21.0&#8243; global_colors_info=&#8221;{}&#8221;][\/et_pb_image][et_pb_image src=&#8221;https:\/\/pbpo.pl\/wp-content\/uploads\/2024\/01\/plb-6.png&#8221; title_text=&#8221;plb (6)&#8221; align_tablet=&#8221;center&#8221; align_phone=&#8221;center&#8221; align_last_edited=&#8221;on|desktop&#8221; _builder_version=&#8221;4.21.0&#8243; global_colors_info=&#8221;{}&#8221;][\/et_pb_image][et_pb_image src=&#8221;https:\/\/pbpo.pl\/wp-content\/uploads\/2024\/01\/plb-1.png&#8221; title_text=&#8221;plb (1)&#8221; align_tablet=&#8221;center&#8221; align_phone=&#8221;center&#8221; align_last_edited=&#8221;on|desktop&#8221; _builder_version=&#8221;4.21.0&#8243; global_colors_info=&#8221;{}&#8221;][\/et_pb_image][et_pb_image src=&#8221;https:\/\/pbpo.pl\/wp-content\/uploads\/2024\/01\/plb-2.png&#8221; title_text=&#8221;plb (2)&#8221; align_tablet=&#8221;center&#8221; align_phone=&#8221;center&#8221; align_last_edited=&#8221;on|desktop&#8221; _builder_version=&#8221;4.21.0&#8243; global_colors_info=&#8221;{}&#8221;][\/et_pb_image][\/et_pb_column][\/et_pb_row][\/et_pb_section][et_pb_section fb_built=&#8221;1&#8243; module_id=&#8221;tlo_kolor&#8221; _builder_version=&#8221;4.11.4&#8243; background_color=&#8221;#de0228&#8243; parallax=&#8221;on&#8221; parallax_method=&#8221;off&#8221; custom_margin=&#8221;1px|0px||0px|false|false&#8221; custom_padding=&#8221;0px|10px|10px|10px&#8221; global_module=&#8221;193&#8243; global_colors_info=&#8221;{}&#8221;][et_pb_row _builder_version=&#8221;4.21.0&#8243; _module_preset=&#8221;default&#8221; global_colors_info=&#8221;{}&#8221;][et_pb_column type=&#8221;4_4&#8243; _builder_version=&#8221;4.16&#8243; _module_preset=&#8221;default&#8221; global_colors_info=&#8221;{}&#8221;][et_pb_text _builder_version=&#8221;4.21.0&#8243; _module_preset=&#8221;default&#8221; global_colors_info=&#8221;{}&#8221;]\n\n<div id=\"val\"><\/div>\n<div id=\"val2\"><\/div>\n\n<div style=\"border:0px solid #000000;border-radius:5px; padding: 0px 0px;overflow:hidden;\" id=\"fm_form_2\">\n<form method=\"post\" action=\"\" onsubmit=\"return valid1();\">\n<h3 style=\"text-shadow: 1px 1px 0px #000;color: white;font-size: 23px;font-weight: normal;text-align:center;padding: 0px;margin: 5px 0px 5px 0px;\">Dowiedz si\u0119 pierwszy o naszej ofercie i promocjach<\/h3>\n<div style=\"display: flex;flex-direction: row;flex-wrap: wrap;justify-content: center;align-items: center;\">\n<div id=\"pole\">\n<div style=\"margin: 0% 0%;\">\n <input placeholder=\"Email\" value=\"\" id=\"mail\" name=\"mail\" style=\"padding:1px 5px;max-width:100%;width:100%; height:35px;color:#000000;font-size:12pt; border:1px solid #b7b7b7;\" type=\"text\">\n <\/div>\n <\/div>\n<div id=\"pole\">\n<div style=\"margin: 0% 0%;\">\n <input placeholder=\"Imi\u0119\" value=\"\" id=\"imie\" name=\"imie\" style=\"padding:1px 5px;max-width:100%;width:100%; height:35px;color:#000000;font-size:12pt; border:1px solid #b7b7b7;\" type=\"text\">\n <\/div>\n <\/div>\n<div id=\"pole_b\">\n <button type=\"submit\" name=\"zapisz_mnie\" style=\"box-shadow:none;border-radius:5px;width:100%; height:36px;font-size:13pt; color:#ffffff;background:#2466d2;border:0px solid #8c8c8c;\">Zapisz mnie<\/button>\n <\/div>\n<div style=\"clear:both;\"><\/div>\n <p style=\"color: #000;width: 100%;text-align: left;margin: 10px 13px 0px 13px !important;padding:0px !important;\"><input type=\"checkbox\" name=\"zgoda\" id=\"zgoda\" style=\"width: 10px;margin: 0px 5px 0px 0px !important;padding: 0px !important;height: 10px !important;\">\"Wyra\u017cam zgod\u0119 na otrzymywanie informacji o nowo\u015bciach, produktach i us\u0142ugach od PBPO\u201d. Zgod\u0119 mo\u017cesz w ka\u017cdej chwili wycofa\u0107 wysy\u0142aj\u0105c tak\u0105 wol\u0119 na maila \n <a style=\"color: white;text-decoration: underline;\" href=\"mailto:marketing@pbpo.pl\">marketing@pbpo.pl<\/a>. Administratorem Twoich danych jest PBPO. Szczeg\u00f3\u0142owe informacje na temat przetwarzania Twoich danych znajduj\u0105 si\u0119 w MENU w zak\u0142adce <a style=\"color: white;text-decoration: underline;\" href=\"https:\/\/pbpo.pl\/rodo\/\">RODO<\/a>.\u201d<\/p>\n <\/form>\n\n<\/div>\n[\/et_pb_text][\/et_pb_column][\/et_pb_row][\/et_pb_section]\n","protected":false},"excerpt":{"rendered":"<p>Oferta dla firm, instytucji, szk\u00f3\u0142 Szanowni Pa\u0144stwo, Polskie Biuro Podr\u00f3\u017cy Olsztyn Sp. z o.o. (PBPO) jest\u00a0 touroperatorem specjalizuj\u0105cym si\u0119 w profesjonalnej aran\u017cacji i realizacji wycieczek autokarowych i lotniczych po Europie i na Kaukaz. Opr\u00f3cz naszej oferty katalogowej zajmujemy si\u0119 r\u00f3wnie\u017c organizacj\u0105 wyjazd\u00f3w firmowych oraz szkolnych. Jeste\u015bmy zorientowani na dynamicznie zmieniaj\u0105ce si\u0119 potrzeby klient\u00f3w. Wystarczy, \u017ce [&hellip;]<\/p>\n","protected":false},"author":2,"featured_media":0,"parent":0,"menu_order":0,"comment_status":"closed","ping_status":"closed","template":"","meta":{"_et_pb_use_builder":"on","_et_pb_old_content":"","_et_gb_content_width":"","footnotes":""},"class_list":["post-942","page","type-page","status-publish","hentry"],"yoast_head":"<!-- This site is optimized with the Yoast SEO plugin v26.3 - https:\/\/yoast.com\/wordpress\/plugins\/seo\/ -->\n<title>Oferta dla firm, instytucji, szk\u00f3\u0142 - PBPO<\/title>\n<meta name=\"robots\" content=\"index, follow, max-snippet:-1, max-image-preview:large, max-video-preview:-1\" \/>\n<link rel=\"canonical\" href=\"https:\/\/pbpo.pl\/?page_id=942\" \/>\n<meta property=\"og:locale\" content=\"pl_PL\" \/>\n<meta property=\"og:type\" content=\"article\" \/>\n<meta property=\"og:title\" content=\"Oferta dla firm, instytucji, szk\u00f3\u0142 - PBPO\" \/>\n<meta property=\"og:description\" content=\"Oferta dla firm, instytucji, szk\u00f3\u0142 Szanowni Pa\u0144stwo, Polskie Biuro Podr\u00f3\u017cy Olsztyn Sp. z o.o. (PBPO) jest\u00a0 touroperatorem specjalizuj\u0105cym si\u0119 w profesjonalnej aran\u017cacji i realizacji wycieczek autokarowych i lotniczych po Europie i na Kaukaz. Opr\u00f3cz naszej oferty katalogowej zajmujemy si\u0119 r\u00f3wnie\u017c organizacj\u0105 wyjazd\u00f3w firmowych oraz szkolnych. Jeste\u015bmy zorientowani na dynamicznie zmieniaj\u0105ce si\u0119 potrzeby klient\u00f3w. Wystarczy, \u017ce [&hellip;]\" \/>\n<meta property=\"og:url\" content=\"https:\/\/pbpo.pl\/?page_id=942\" \/>\n<meta property=\"og:site_name\" content=\"PBPO\" \/>\n<meta property=\"article:publisher\" content=\"https:\/\/www.facebook.com\/pbpolsztyn\" \/>\n<meta property=\"article:modified_time\" content=\"2025-11-17T16:43:16+00:00\" \/>\n<meta name=\"twitter:card\" content=\"summary_large_image\" \/>\n<meta name=\"twitter:label1\" content=\"Szacowany czas czytania\" \/>\n\t<meta name=\"twitter:data1\" content=\"4 minuty\" \/>\n<script type=\"application\/ld+json\" class=\"yoast-schema-graph\">{\"@context\":\"https:\/\/schema.org\",\"@graph\":[{\"@type\":\"WebPage\",\"@id\":\"https:\/\/pbpo.pl\/?page_id=942\",\"url\":\"https:\/\/pbpo.pl\/?page_id=942\",\"name\":\"Oferta dla firm, instytucji, szk\u00f3\u0142 - PBPO\",\"isPartOf\":{\"@id\":\"https:\/\/pbpo.pl\/#website\"},\"datePublished\":\"2019-02-11T12:08:02+00:00\",\"dateModified\":\"2025-11-17T16:43:16+00:00\",\"breadcrumb\":{\"@id\":\"https:\/\/pbpo.pl\/?page_id=942#breadcrumb\"},\"inLanguage\":\"pl-PL\",\"potentialAction\":[{\"@type\":\"ReadAction\",\"target\":[\"https:\/\/pbpo.pl\/?page_id=942\"]}]},{\"@type\":\"BreadcrumbList\",\"@id\":\"https:\/\/pbpo.pl\/?page_id=942#breadcrumb\",\"itemListElement\":[{\"@type\":\"ListItem\",\"position\":1,\"name\":\"Strona g\u0142\u00f3wna\",\"item\":\"https:\/\/pbpo.pl\/\"},{\"@type\":\"ListItem\",\"position\":2,\"name\":\"Oferta dla firm, instytucji, szk\u00f3\u0142\"}]},{\"@type\":\"WebSite\",\"@id\":\"https:\/\/pbpo.pl\/#website\",\"url\":\"https:\/\/pbpo.pl\/\",\"name\":\"PBPO\",\"description\":\"Organizator turystyki, Wycieczki Autokarowe po Europie, Krajach Ba\u0142tyckich i Rosji\",\"publisher\":{\"@id\":\"https:\/\/pbpo.pl\/#organization\"},\"potentialAction\":[{\"@type\":\"SearchAction\",\"target\":{\"@type\":\"EntryPoint\",\"urlTemplate\":\"https:\/\/pbpo.pl\/?s={search_term_string}\"},\"query-input\":{\"@type\":\"PropertyValueSpecification\",\"valueRequired\":true,\"valueName\":\"search_term_string\"}}],\"inLanguage\":\"pl-PL\"},{\"@type\":\"Organization\",\"@id\":\"https:\/\/pbpo.pl\/#organization\",\"name\":\"Polskie Biuro Podr\u00f3\u017cy Olsztyn\",\"url\":\"https:\/\/pbpo.pl\/\",\"logo\":{\"@type\":\"ImageObject\",\"inLanguage\":\"pl-PL\",\"@id\":\"https:\/\/pbpo.pl\/#\/schema\/logo\/image\/\",\"url\":\"https:\/\/pbpo.pl\/wp-content\/uploads\/2018\/12\/pbpo-2.jpg\",\"contentUrl\":\"https:\/\/pbpo.pl\/wp-content\/uploads\/2018\/12\/pbpo-2.jpg\",\"width\":350,\"height\":135,\"caption\":\"Polskie Biuro Podr\u00f3\u017cy Olsztyn\"},\"image\":{\"@id\":\"https:\/\/pbpo.pl\/#\/schema\/logo\/image\/\"},\"sameAs\":[\"https:\/\/www.facebook.com\/pbpolsztyn\",\"https:\/\/www.instagram.com\/pbpo_pl\/\"]}]}<\/script>\n<!-- \/ Yoast SEO plugin. -->","yoast_head_json":{"title":"Oferta dla firm, instytucji, szk\u00f3\u0142 - PBPO","robots":{"index":"index","follow":"follow","max-snippet":"max-snippet:-1","max-image-preview":"max-image-preview:large","max-video-preview":"max-video-preview:-1"},"canonical":"https:\/\/pbpo.pl\/?page_id=942","og_locale":"pl_PL","og_type":"article","og_title":"Oferta dla firm, instytucji, szk\u00f3\u0142 - PBPO","og_description":"Oferta dla firm, instytucji, szk\u00f3\u0142 Szanowni Pa\u0144stwo, Polskie Biuro Podr\u00f3\u017cy Olsztyn Sp. z o.o. (PBPO) jest\u00a0 touroperatorem specjalizuj\u0105cym si\u0119 w profesjonalnej aran\u017cacji i realizacji wycieczek autokarowych i lotniczych po Europie i na Kaukaz. Opr\u00f3cz naszej oferty katalogowej zajmujemy si\u0119 r\u00f3wnie\u017c organizacj\u0105 wyjazd\u00f3w firmowych oraz szkolnych. Jeste\u015bmy zorientowani na dynamicznie zmieniaj\u0105ce si\u0119 potrzeby klient\u00f3w. Wystarczy, \u017ce [&hellip;]","og_url":"https:\/\/pbpo.pl\/?page_id=942","og_site_name":"PBPO","article_publisher":"https:\/\/www.facebook.com\/pbpolsztyn","article_modified_time":"2025-11-17T16:43:16+00:00","twitter_card":"summary_large_image","twitter_misc":{"Szacowany czas czytania":"4 minuty"},"schema":{"@context":"https:\/\/schema.org","@graph":[{"@type":"WebPage","@id":"https:\/\/pbpo.pl\/?page_id=942","url":"https:\/\/pbpo.pl\/?page_id=942","name":"Oferta dla firm, instytucji, szk\u00f3\u0142 - PBPO","isPartOf":{"@id":"https:\/\/pbpo.pl\/#website"},"datePublished":"2019-02-11T12:08:02+00:00","dateModified":"2025-11-17T16:43:16+00:00","breadcrumb":{"@id":"https:\/\/pbpo.pl\/?page_id=942#breadcrumb"},"inLanguage":"pl-PL","potentialAction":[{"@type":"ReadAction","target":["https:\/\/pbpo.pl\/?page_id=942"]}]},{"@type":"BreadcrumbList","@id":"https:\/\/pbpo.pl\/?page_id=942#breadcrumb","itemListElement":[{"@type":"ListItem","position":1,"name":"Strona g\u0142\u00f3wna","item":"https:\/\/pbpo.pl\/"},{"@type":"ListItem","position":2,"name":"Oferta dla firm, instytucji, szk\u00f3\u0142"}]},{"@type":"WebSite","@id":"https:\/\/pbpo.pl\/#website","url":"https:\/\/pbpo.pl\/","name":"PBPO","description":"Organizator turystyki, Wycieczki Autokarowe po Europie, Krajach Ba\u0142tyckich i Rosji","publisher":{"@id":"https:\/\/pbpo.pl\/#organization"},"potentialAction":[{"@type":"SearchAction","target":{"@type":"EntryPoint","urlTemplate":"https:\/\/pbpo.pl\/?s={search_term_string}"},"query-input":{"@type":"PropertyValueSpecification","valueRequired":true,"valueName":"search_term_string"}}],"inLanguage":"pl-PL"},{"@type":"Organization","@id":"https:\/\/pbpo.pl\/#organization","name":"Polskie Biuro Podr\u00f3\u017cy Olsztyn","url":"https:\/\/pbpo.pl\/","logo":{"@type":"ImageObject","inLanguage":"pl-PL","@id":"https:\/\/pbpo.pl\/#\/schema\/logo\/image\/","url":"https:\/\/pbpo.pl\/wp-content\/uploads\/2018\/12\/pbpo-2.jpg","contentUrl":"https:\/\/pbpo.pl\/wp-content\/uploads\/2018\/12\/pbpo-2.jpg","width":350,"height":135,"caption":"Polskie Biuro Podr\u00f3\u017cy Olsztyn"},"image":{"@id":"https:\/\/pbpo.pl\/#\/schema\/logo\/image\/"},"sameAs":["https:\/\/www.facebook.com\/pbpolsztyn","https:\/\/www.instagram.com\/pbpo_pl\/"]}]}},"_links":{"self":[{"href":"https:\/\/pbpo.pl\/index.php?rest_route=\/wp\/v2\/pages\/942","targetHints":{"allow":["GET"]}}],"collection":[{"href":"https:\/\/pbpo.pl\/index.php?rest_route=\/wp\/v2\/pages"}],"about":[{"href":"https:\/\/pbpo.pl\/index.php?rest_route=\/wp\/v2\/types\/page"}],"author":[{"embeddable":true,"href":"https:\/\/pbpo.pl\/index.php?rest_route=\/wp\/v2\/users\/2"}],"replies":[{"embeddable":true,"href":"https:\/\/pbpo.pl\/index.php?rest_route=%2Fwp%2Fv2%2Fcomments&post=942"}],"version-history":[{"count":5,"href":"https:\/\/pbpo.pl\/index.php?rest_route=\/wp\/v2\/pages\/942\/revisions"}],"predecessor-version":[{"id":2844,"href":"https:\/\/pbpo.pl\/index.php?rest_route=\/wp\/v2\/pages\/942\/revisions\/2844"}],"wp:attachment":[{"href":"https:\/\/pbpo.pl\/index.php?rest_route=%2Fwp%2Fv2%2Fmedia&parent=942"}],"curies":[{"name":"wp","href":"https:\/\/api.w.org\/{rel}","templated":true}]}}