{"id":934,"date":"2019-02-11T14:19:13","date_gmt":"2019-02-11T13:19:13","guid":{"rendered":"https:\/\/pbpo.pl\/?page_id=934"},"modified":"2019-10-17T15:16:30","modified_gmt":"2019-10-17T13:16:30","slug":"wizowanie","status":"publish","type":"page","link":"https:\/\/pbpo.pl\/?page_id=934","title":{"rendered":"Wizowanie"},"content":{"rendered":"[et_pb_section bb_built=&#8221;1&#8243; _builder_version=&#8221;3.0.105&#8243; parallax=&#8221;on&#8221; parallax_method=&#8221;off&#8221; next_background_color=&#8221;#000000&#8243; module_id=&#8221;tlo_kolor&#8221; custom_padding=&#8221;0px|10px|10px|10px&#8221; custom_margin=&#8221;10px|||&#8221;][et_pb_row _builder_version=&#8221;3.0.105&#8243; parallax=&#8221;on&#8221; parallax_method=&#8221;off&#8221; custom_padding=&#8221;|20px||20px&#8221; module_id=&#8221;tlo_biale&#8221;][et_pb_column type=&#8221;4_4&#8243;][et_pb_text admin_label=&#8221;Wizowanie&#8221; _builder_version=&#8221;3.19&#8243; text_text_shadow_blur_strength=&#8221;0.3em&#8221; animation_style=&#8221;zoom&#8221;]\n<h2 id=\"terminy_ceny\">Wizowanie<\/h2>\n[\/et_pb_text][\/et_pb_column][\/et_pb_row][et_pb_row _builder_version=&#8221;3.0.105&#8243; parallax=&#8221;on&#8221; parallax_method=&#8221;off&#8221; custom_padding=&#8221;0px|20px|0px|20px&#8221; module_id=&#8221;tlo_biale&#8221;][et_pb_column type=&#8221;4_4&#8243;][et_pb_text _builder_version=&#8221;3.19&#8243; link_text_color=&#8221;#3b76d6&#8243; ul_type=&#8221;circle&#8221; animation_style=&#8221;zoom&#8221; module_id=&#8221;dok&#8221;]\n<p>W czasie wyjazd\u00f3w do Rosji oraz na Bia\u0142oru\u015b organizowanych przez PBPO obywatele Polski maj\u0105 obowi\u0105zek stara\u0107 si\u0119 o wiz\u0119.<br \/>O wiz\u0119 mo\u017cna ubiega\u0107 si\u0119 za po\u015brednictwem PBPO lub indywidualnie &#8211; po wykupieniu niezb\u0119dnych dokument\u00f3w do otrzymania wizy.<br \/>Je\u015bli posiadaj\u0105 Pa\u0144stwo wiz\u0119 uprawniaj\u0105c\u0105 do wjazdu do Rosji lub na Bia\u0142oru\u015b prosimy o stosown\u0105 informacj\u0119 oraz skany pierwszej strony w paszporcie oraz wizy.<\/p>\n<p>Poni\u017cej przedstawiamy procedury wizowania obowi\u0105zuj\u0105ce w PBPO oraz poradniki krok po kroku jak poprawnie wype\u0142ni\u0107 wniosek wizowy.\u00a0<\/p>\n[\/et_pb_text][\/et_pb_column][\/et_pb_row][et_pb_row _builder_version=&#8221;3.0.105&#8243; parallax=&#8221;on&#8221; parallax_method=&#8221;off&#8221; custom_padding=&#8221;|20px||20px&#8221; module_id=&#8221;tlo_biale&#8221;][et_pb_column type=&#8221;4_4&#8243;][et_pb_text admin_label=&#8221;Rosja&#8221; _builder_version=&#8221;3.19&#8243; text_text_shadow_blur_strength=&#8221;0.3em&#8221; animation_style=&#8221;zoom&#8221;]\n<h2 id=\"terminy_ceny\">Rosja<\/h2>\n[\/et_pb_text][\/et_pb_column][\/et_pb_row][et_pb_row _builder_version=&#8221;3.0.105&#8243; parallax=&#8221;on&#8221; parallax_method=&#8221;off&#8221; custom_padding=&#8221;0px|20px|0px|20px&#8221; module_id=&#8221;tlo_biale&#8221;][et_pb_column type=&#8221;4_4&#8243;][et_pb_text _builder_version=&#8221;3.19&#8243; link_text_color=&#8221;#3b76d6&#8243; ul_type=&#8221;circle&#8221; animation_style=&#8221;zoom&#8221; module_id=&#8221;dok&#8221;]\n<div class=\"su-list\" style=\"margin-left:0px\">\n<ul id=\"dok_ul\">\n<li><i class=\"sui sui-star\" style=\"color:#333\"><\/i> <a href=\"https:\/\/pbpo.pl\/procedura-wizowania-rosja\/\" target=\"_blank\" rel=\"noopener\">Procedura wizowania do Rosji<\/a><\/li>\n<li><i class=\"sui sui-star\" style=\"color:#333\"><\/i> <a href=\"https:\/\/pbpo.pl\/poradnik-wizowy-rosja\/\" target=\"_blank\" rel=\"noopener\">Jak wype\u0142ni\u0107 wniosek wizowy do Rosji?<\/a><\/li>\n<li><i class=\"sui sui-star\" style=\"color:#333\"><\/i> <a href=\"https:\/\/pbpo.pl\/wp-content\/uploads\/2019\/02\/przyklad-wypelnionego-wniosku-Rosja2019.pdf\" target=\"_blank\" rel=\"noopener\">Przyk\u0142ad wype\u0142nionego wniosku wizowego do Rosji<\/a><\/li>\n<li><i class=\"sui sui-star\" style=\"color:#333\"><\/i> <a href=\"https:\/\/pbpo.pl\/ewizy\/\" target=\"_blank\" rel=\"noopener\">E-wiza do Rosji<\/a><\/li>\n<\/ul>\n<\/div>\n[\/et_pb_text][\/et_pb_column][\/et_pb_row][et_pb_row _builder_version=&#8221;3.0.105&#8243; parallax=&#8221;on&#8221; parallax_method=&#8221;off&#8221; custom_padding=&#8221;|20px||20px&#8221; module_id=&#8221;tlo_biale&#8221;][et_pb_column type=&#8221;4_4&#8243;][et_pb_text admin_label=&#8221;Bia\u0142oru\u015b&#8221; _builder_version=&#8221;3.19&#8243; text_text_shadow_blur_strength=&#8221;0.3em&#8221; animation_style=&#8221;zoom&#8221;]\n<h2 id=\"terminy_ceny\">Bia\u0142oru\u015b<\/h2>\n[\/et_pb_text][\/et_pb_column][\/et_pb_row][et_pb_row _builder_version=&#8221;3.0.105&#8243; parallax=&#8221;on&#8221; parallax_method=&#8221;off&#8221; custom_padding=&#8221;0px|20px|0px|20px&#8221; module_id=&#8221;tlo_biale&#8221;][et_pb_column type=&#8221;4_4&#8243;][et_pb_text _builder_version=&#8221;3.19&#8243; link_text_color=&#8221;#3b76d6&#8243; ul_type=&#8221;circle&#8221; animation_style=&#8221;zoom&#8221; module_id=&#8221;dok&#8221;]\n<div class=\"su-list\" style=\"margin-left:0px\">\n<\/p>\n<ul id=\"dok_ul\">\n<li><i class=\"sui sui-star\" style=\"color:#333\"><\/i> <a href=\"https:\/\/pbpo.pl\/procedura-wizowania-bialorus\/\" target=\"_blank\" rel=\"noopener\">Procedura wizowania na Bia\u0142oru\u015b<\/a><\/li>\n<li><i class=\"sui sui-star\" style=\"color:#333\"><\/i> <a href=\"https:\/\/pbpo.pl\/poradnik-wizowy-bialorus\/\" target=\"_blank\" rel=\"noopener\">Jak wype\u0142ni\u0107 wniosek wizowy na Bia\u0142oru\u015b?<\/a><\/li>\n<li><i class=\"sui sui-star\" style=\"color:#333\"><\/i> <a href=\"https:\/\/pbpo.pl\/wp-content\/uploads\/2019\/02\/przyklad-wypelnionego-wniosku-Bialorus2019.pdf\" target=\"_blank\" rel=\"noopener\">Przyk\u0142ad wype\u0142nionego wniosku wizowego na Bia\u0142oru\u015b<\/a><\/li>\n<\/ul>\n<\/div>\n[\/et_pb_text][\/et_pb_column][\/et_pb_row][\/et_pb_section][et_pb_section bb_built=&#8221;1&#8243; fullwidth=&#8221;off&#8221; specialty=&#8221;off&#8221; prev_background_color=&#8221;#000000&#8243; _builder_version=&#8221;3.0.105&#8243; parallax=&#8221;on&#8221; parallax_method=&#8221;off&#8221; custom_padding=&#8221;0px|10px|10px|10px&#8221; module_id=&#8221;tlo_kolor&#8221; global_module=&#8221;193&#8243;][et_pb_row global_parent=&#8221;193&#8243; _builder_version=&#8221;3.0.105&#8243; parallax=&#8221;on&#8221; parallax_method=&#8221;off&#8221; custom_padding=&#8221;5px|20px|10px|20px&#8221; module_id=&#8221;tlo_form&#8221;][et_pb_column type=&#8221;4_4&#8243;][et_pb_code global_parent=&#8221;193&#8243; _builder_version=&#8221;3.19&#8243;]\n<div style=\"border:0px solid #000000;border-radius:5px; padding: 0px 0px;overflow:hidden;\" id=\"fm_form_2\"><!-- [et_pb_line_break_holder] --><\/p>\n<div class=\"form_container\"><!-- [et_pb_line_break_holder] --><\/p>\n<form method=\"post\" class=\"form_subscribe freshmail_form_2\"><!-- [et_pb_line_break_holder] --><\/p>\n<h3 style=\"text-shadow: 1px 1px 0px #000;color: white;font-size: 23px;font-weight: normal;text-align:center;padding: 0px;margin: 5px 0px 5px 0px;\">Dowiedz si\u0119 pierwszy o naszej ofercie i promocjach!<\/h3>\n<p><!-- [et_pb_line_break_holder] --><\/p>\n<div style=\"display: flex;flex-direction: row;flex-wrap: wrap;justify-content: center;align-items: center;\"><!-- [et_pb_line_break_holder] --><\/p>\n<div id=\"pole\"><!-- [et_pb_line_break_holder] --><\/p>\n<div style=\"margin: 0% 0%;\"><!-- [et_pb_line_break_holder] --> <input class=\"field\" placeholder=\"Email\" value=\"\" name=\"form[email]\" style=\"padding:1px 5px;max-width:100%;width:100%; height:35px;color:#000000;font-size:12pt; border:1px solid #b7b7b7;\" type=\"text\"><!-- [et_pb_line_break_holder] --> <\/div>\n<p><!-- [et_pb_line_break_holder] --> <\/div>\n<p><!-- [et_pb_line_break_holder] --><\/p>\n<div id=\"pole\"><!-- [et_pb_line_break_holder] --><\/p>\n<div style=\"margin: 0% 0%;\"><!-- [et_pb_line_break_holder] --> <input class=\"field\" placeholder=\"Imi\u0119\" value=\"\" name=\"form[imie]\" style=\"padding:1px 5px;max-width:100%;width:100%; height:35px;color:#000000;font-size:12pt; border:1px solid #b7b7b7;\" type=\"text\"><!-- [et_pb_line_break_holder] --> <\/div>\n<p><!-- [et_pb_line_break_holder] --> <\/div>\n<p><!-- [et_pb_line_break_holder] --><\/p>\n<div id=\"pole_b\"><!-- [et_pb_line_break_holder] --> <button type=\"submit\" name=\"form_subscribe_button\" class=\"form_subscribe_button button\" style=\"box-shadow:none;border-radius:5px;width:100%; height:36px;font-size:13pt; color:#ffffff;background:#2466d2;border:0px solid #8c8c8c;\">Zapisz mnie!<\/button><!-- [et_pb_line_break_holder] --> <\/div>\n<p><!-- [et_pb_line_break_holder] --><\/p>\n<div style=\"clear:both;\"><\/div>\n<p><!-- [et_pb_line_break_holder] --> <input value=\"2\" name=\"fm_form_id\" type=\"hidden\"><!-- [et_pb_line_break_holder] --> <input value=\"fm_form\" name=\"action\" type=\"hidden\"><!-- [et_pb_line_break_holder] --> <input value=\"\/\" name=\"fm_form_referer\" type=\"hidden\"><!-- [et_pb_line_break_holder] --> <\/form>\n<p><!-- [et_pb_line_break_holder] --> <\/div>\n<p><!-- [et_pb_line_break_holder] --><\/div>\n[\/et_pb_code][\/et_pb_column][\/et_pb_row][\/et_pb_section]\n","protected":false},"excerpt":{"rendered":"<p>Wizowanie W czasie wyjazd\u00f3w do Rosji oraz na Bia\u0142oru\u015b organizowanych przez PBPO obywatele Polski maj\u0105 obowi\u0105zek stara\u0107 si\u0119 o wiz\u0119.O wiz\u0119 mo\u017cna ubiega\u0107 si\u0119 za po\u015brednictwem PBPO lub indywidualnie &#8211; po wykupieniu niezb\u0119dnych dokument\u00f3w do otrzymania wizy.Je\u015bli posiadaj\u0105 Pa\u0144stwo wiz\u0119 uprawniaj\u0105c\u0105 do wjazdu do Rosji lub na Bia\u0142oru\u015b prosimy o stosown\u0105 informacj\u0119 oraz skany pierwszej [&hellip;]<\/p>\n","protected":false},"author":2,"featured_media":0,"parent":0,"menu_order":0,"comment_status":"closed","ping_status":"closed","template":"","meta":{"_et_pb_use_builder":"on","_et_pb_old_content":"","_et_gb_content_width":"","footnotes":""},"class_list":["post-934","page","type-page","status-publish","hentry"],"yoast_head":"<!-- This site is optimized with the Yoast SEO plugin v26.3 - https:\/\/yoast.com\/wordpress\/plugins\/seo\/ -->\n<title>Wizowanie - PBPO<\/title>\n<meta name=\"robots\" content=\"index, follow, max-snippet:-1, max-image-preview:large, max-video-preview:-1\" \/>\n<link rel=\"canonical\" href=\"https:\/\/pbpo.pl\/?page_id=934\" \/>\n<meta property=\"og:locale\" content=\"pl_PL\" \/>\n<meta property=\"og:type\" content=\"article\" \/>\n<meta property=\"og:title\" content=\"Wizowanie - PBPO\" \/>\n<meta property=\"og:description\" content=\"Wizowanie W czasie wyjazd\u00f3w do Rosji oraz na Bia\u0142oru\u015b organizowanych przez PBPO obywatele Polski maj\u0105 obowi\u0105zek stara\u0107 si\u0119 o wiz\u0119.O wiz\u0119 mo\u017cna ubiega\u0107 si\u0119 za po\u015brednictwem PBPO lub indywidualnie - po wykupieniu niezb\u0119dnych dokument\u00f3w do otrzymania wizy.Je\u015bli posiadaj\u0105 Pa\u0144stwo wiz\u0119 uprawniaj\u0105c\u0105 do wjazdu do Rosji lub na Bia\u0142oru\u015b prosimy o stosown\u0105 informacj\u0119 oraz skany pierwszej [&hellip;]\" \/>\n<meta property=\"og:url\" content=\"https:\/\/pbpo.pl\/?page_id=934\" \/>\n<meta property=\"og:site_name\" content=\"PBPO\" \/>\n<meta property=\"article:publisher\" content=\"https:\/\/www.facebook.com\/pbpolsztyn\" \/>\n<meta property=\"article:modified_time\" content=\"2019-10-17T13:16:30+00:00\" \/>\n<meta name=\"twitter:card\" content=\"summary_large_image\" \/>\n<meta name=\"twitter:label1\" content=\"Szacowany czas czytania\" \/>\n\t<meta name=\"twitter:data1\" content=\"3 minuty\" \/>\n<script type=\"application\/ld+json\" class=\"yoast-schema-graph\">{\"@context\":\"https:\/\/schema.org\",\"@graph\":[{\"@type\":\"WebPage\",\"@id\":\"https:\/\/pbpo.pl\/?page_id=934\",\"url\":\"https:\/\/pbpo.pl\/?page_id=934\",\"name\":\"Wizowanie - PBPO\",\"isPartOf\":{\"@id\":\"https:\/\/pbpo.pl\/#website\"},\"datePublished\":\"2019-02-11T13:19:13+00:00\",\"dateModified\":\"2019-10-17T13:16:30+00:00\",\"breadcrumb\":{\"@id\":\"https:\/\/pbpo.pl\/?page_id=934#breadcrumb\"},\"inLanguage\":\"pl-PL\",\"potentialAction\":[{\"@type\":\"ReadAction\",\"target\":[\"https:\/\/pbpo.pl\/?page_id=934\"]}]},{\"@type\":\"BreadcrumbList\",\"@id\":\"https:\/\/pbpo.pl\/?page_id=934#breadcrumb\",\"itemListElement\":[{\"@type\":\"ListItem\",\"position\":1,\"name\":\"Strona g\u0142\u00f3wna\",\"item\":\"https:\/\/pbpo.pl\/\"},{\"@type\":\"ListItem\",\"position\":2,\"name\":\"Wizowanie\"}]},{\"@type\":\"WebSite\",\"@id\":\"https:\/\/pbpo.pl\/#website\",\"url\":\"https:\/\/pbpo.pl\/\",\"name\":\"PBPO\",\"description\":\"Organizator turystyki, Wycieczki Autokarowe po Europie, Krajach Ba\u0142tyckich i Rosji\",\"publisher\":{\"@id\":\"https:\/\/pbpo.pl\/#organization\"},\"potentialAction\":[{\"@type\":\"SearchAction\",\"target\":{\"@type\":\"EntryPoint\",\"urlTemplate\":\"https:\/\/pbpo.pl\/?s={search_term_string}\"},\"query-input\":{\"@type\":\"PropertyValueSpecification\",\"valueRequired\":true,\"valueName\":\"search_term_string\"}}],\"inLanguage\":\"pl-PL\"},{\"@type\":\"Organization\",\"@id\":\"https:\/\/pbpo.pl\/#organization\",\"name\":\"Polskie Biuro Podr\u00f3\u017cy Olsztyn\",\"url\":\"https:\/\/pbpo.pl\/\",\"logo\":{\"@type\":\"ImageObject\",\"inLanguage\":\"pl-PL\",\"@id\":\"https:\/\/pbpo.pl\/#\/schema\/logo\/image\/\",\"url\":\"https:\/\/pbpo.pl\/wp-content\/uploads\/2018\/12\/pbpo-2.jpg\",\"contentUrl\":\"https:\/\/pbpo.pl\/wp-content\/uploads\/2018\/12\/pbpo-2.jpg\",\"width\":350,\"height\":135,\"caption\":\"Polskie Biuro Podr\u00f3\u017cy Olsztyn\"},\"image\":{\"@id\":\"https:\/\/pbpo.pl\/#\/schema\/logo\/image\/\"},\"sameAs\":[\"https:\/\/www.facebook.com\/pbpolsztyn\",\"https:\/\/www.instagram.com\/pbpo_pl\/\"]}]}<\/script>\n<!-- \/ Yoast SEO plugin. -->","yoast_head_json":{"title":"Wizowanie - PBPO","robots":{"index":"index","follow":"follow","max-snippet":"max-snippet:-1","max-image-preview":"max-image-preview:large","max-video-preview":"max-video-preview:-1"},"canonical":"https:\/\/pbpo.pl\/?page_id=934","og_locale":"pl_PL","og_type":"article","og_title":"Wizowanie - PBPO","og_description":"Wizowanie W czasie wyjazd\u00f3w do Rosji oraz na Bia\u0142oru\u015b organizowanych przez PBPO obywatele Polski maj\u0105 obowi\u0105zek stara\u0107 si\u0119 o wiz\u0119.O wiz\u0119 mo\u017cna ubiega\u0107 si\u0119 za po\u015brednictwem PBPO lub indywidualnie - po wykupieniu niezb\u0119dnych dokument\u00f3w do otrzymania wizy.Je\u015bli posiadaj\u0105 Pa\u0144stwo wiz\u0119 uprawniaj\u0105c\u0105 do wjazdu do Rosji lub na Bia\u0142oru\u015b prosimy o stosown\u0105 informacj\u0119 oraz skany pierwszej [&hellip;]","og_url":"https:\/\/pbpo.pl\/?page_id=934","og_site_name":"PBPO","article_publisher":"https:\/\/www.facebook.com\/pbpolsztyn","article_modified_time":"2019-10-17T13:16:30+00:00","twitter_card":"summary_large_image","twitter_misc":{"Szacowany czas czytania":"3 minuty"},"schema":{"@context":"https:\/\/schema.org","@graph":[{"@type":"WebPage","@id":"https:\/\/pbpo.pl\/?page_id=934","url":"https:\/\/pbpo.pl\/?page_id=934","name":"Wizowanie - PBPO","isPartOf":{"@id":"https:\/\/pbpo.pl\/#website"},"datePublished":"2019-02-11T13:19:13+00:00","dateModified":"2019-10-17T13:16:30+00:00","breadcrumb":{"@id":"https:\/\/pbpo.pl\/?page_id=934#breadcrumb"},"inLanguage":"pl-PL","potentialAction":[{"@type":"ReadAction","target":["https:\/\/pbpo.pl\/?page_id=934"]}]},{"@type":"BreadcrumbList","@id":"https:\/\/pbpo.pl\/?page_id=934#breadcrumb","itemListElement":[{"@type":"ListItem","position":1,"name":"Strona g\u0142\u00f3wna","item":"https:\/\/pbpo.pl\/"},{"@type":"ListItem","position":2,"name":"Wizowanie"}]},{"@type":"WebSite","@id":"https:\/\/pbpo.pl\/#website","url":"https:\/\/pbpo.pl\/","name":"PBPO","description":"Organizator turystyki, Wycieczki Autokarowe po Europie, Krajach Ba\u0142tyckich i Rosji","publisher":{"@id":"https:\/\/pbpo.pl\/#organization"},"potentialAction":[{"@type":"SearchAction","target":{"@type":"EntryPoint","urlTemplate":"https:\/\/pbpo.pl\/?s={search_term_string}"},"query-input":{"@type":"PropertyValueSpecification","valueRequired":true,"valueName":"search_term_string"}}],"inLanguage":"pl-PL"},{"@type":"Organization","@id":"https:\/\/pbpo.pl\/#organization","name":"Polskie Biuro Podr\u00f3\u017cy Olsztyn","url":"https:\/\/pbpo.pl\/","logo":{"@type":"ImageObject","inLanguage":"pl-PL","@id":"https:\/\/pbpo.pl\/#\/schema\/logo\/image\/","url":"https:\/\/pbpo.pl\/wp-content\/uploads\/2018\/12\/pbpo-2.jpg","contentUrl":"https:\/\/pbpo.pl\/wp-content\/uploads\/2018\/12\/pbpo-2.jpg","width":350,"height":135,"caption":"Polskie Biuro Podr\u00f3\u017cy Olsztyn"},"image":{"@id":"https:\/\/pbpo.pl\/#\/schema\/logo\/image\/"},"sameAs":["https:\/\/www.facebook.com\/pbpolsztyn","https:\/\/www.instagram.com\/pbpo_pl\/"]}]}},"_links":{"self":[{"href":"https:\/\/pbpo.pl\/index.php?rest_route=\/wp\/v2\/pages\/934","targetHints":{"allow":["GET"]}}],"collection":[{"href":"https:\/\/pbpo.pl\/index.php?rest_route=\/wp\/v2\/pages"}],"about":[{"href":"https:\/\/pbpo.pl\/index.php?rest_route=\/wp\/v2\/types\/page"}],"author":[{"embeddable":true,"href":"https:\/\/pbpo.pl\/index.php?rest_route=\/wp\/v2\/users\/2"}],"replies":[{"embeddable":true,"href":"https:\/\/pbpo.pl\/index.php?rest_route=%2Fwp%2Fv2%2Fcomments&post=934"}],"version-history":[{"count":5,"href":"https:\/\/pbpo.pl\/index.php?rest_route=\/wp\/v2\/pages\/934\/revisions"}],"predecessor-version":[{"id":1130,"href":"https:\/\/pbpo.pl\/index.php?rest_route=\/wp\/v2\/pages\/934\/revisions\/1130"}],"wp:attachment":[{"href":"https:\/\/pbpo.pl\/index.php?rest_route=%2Fwp%2Fv2%2Fmedia&parent=934"}],"curies":[{"name":"wp","href":"https:\/\/api.w.org\/{rel}","templated":true}]}}