{"id":77,"date":"2018-10-24T16:39:28","date_gmt":"2018-10-24T14:39:28","guid":{"rendered":"http:\/\/pbpo.pl\/?page_id=77"},"modified":"2025-10-20T15:54:52","modified_gmt":"2025-10-20T13:54:52","slug":"rodo","status":"publish","type":"page","link":"https:\/\/pbpo.pl\/?page_id=77","title":{"rendered":"RODO"},"content":{"rendered":"[et_pb_section fb_built=&#8221;1&#8243; module_id=&#8221;tlo_kolor&#8221; _builder_version=&#8221;4.16&#8243; parallax=&#8221;on&#8221; parallax_method=&#8221;off&#8221; custom_margin=&#8221;10px|||&#8221; custom_padding=&#8221;0px|10px|10px|10px&#8221; global_colors_info=&#8221;{}&#8221;][et_pb_row module_id=&#8221;tlo_biale&#8221; _builder_version=&#8221;4.16&#8243; parallax=&#8221;on&#8221; parallax_method=&#8221;off&#8221; custom_padding=&#8221;|20px||20px&#8221; global_colors_info=&#8221;{}&#8221;][et_pb_column type=&#8221;4_4&#8243; _builder_version=&#8221;4.16&#8243; custom_padding=&#8221;|||&#8221; global_colors_info=&#8221;{}&#8221; custom_padding__hover=&#8221;|||&#8221;][et_pb_text admin_label=&#8221;RODO&#8221; _builder_version=&#8221;4.16&#8243; animation_style=&#8221;zoom&#8221; global_colors_info=&#8221;{}&#8221;]\n<h2 id=\"terminy_ceny\">RODO<\/h2>\n[\/et_pb_text][et_pb_text ul_type=&#8221;circle&#8221; _builder_version=&#8221;4.21.0&#8243; text_orientation=&#8221;justified&#8221; animation_style=&#8221;zoom&#8221; animation_speed_curve=&#8221;ease-in&#8221; hover_enabled=&#8221;0&#8243; global_colors_info=&#8221;{}&#8221; sticky_enabled=&#8221;0&#8243;]\n<p><strong>INFORMACJE DOTYCZ\u0104CE PRZETWARZANIA DANYCH OSOBOWYCH<\/strong><\/p>\n<p><strong>Kto jest administratorem Twoich danych osobowych?<\/strong><\/p>\n<p>Administratorem Twoich danych osobowych jest POLSKIE BIURO PODR\u00d3\u017bY OLSZTYN SP. Z O.O.. (dalej PBPO) z siedzib\u0105 przy ul. Lipowej 6 w Olsztynie (10-065).<\/p>\n<p>Kontakt: e-mail: biuro@pbpo.pl, tel. +48 89 5350818 lub pisemnie na adres naszej siedziby.<\/p>\n<p>W sprawach dotycz\u0105cych przetwarzania danych osobowych mo\u017cesz skontaktowa\u0107 si\u0119 bezpo\u015brednio z naszym inspektorem ochrony danych: marketing@pbpo.pl lub pisemnie na powy\u017cszy adres.<\/p>\n<p>&nbsp;<\/p>\n<p><strong>Czyje i jakie dane osobowe przetwarzamy?<\/strong><\/p>\n<p>Przetwarzamy dane osobowe:<\/p>\n<ul>\n<li>osoby zg\u0142aszaj\u0105cej uczestnik\u00f3w na imprez\u0119 turystyczn\u0105,<\/li>\n<li>uczestnik\u00f3w imprezy turystycznej,<\/li>\n<li>os\u00f3b poszukuj\u0105cych imprez turystycznych,<\/li>\n<li>innych uprawnionych os\u00f3b z umowy o \u015bwiadczenie us\u0142ug turystycznych, kt\u00f3rych posiadane przez nas dane nie zawsze pozwalaj\u0105 na przekazanie informacji na temat przetwarzania danych,<\/li>\n<li>os\u00f3b kontaktuj\u0105cych si\u0119 z nami, kt\u00f3rych dane osobowe b\u0119d\u0105 przetwarzane w celu, kt\u00f3rego kontakt dotyczy.<\/li>\n<\/ul>\n<p>Pozyskali\u015bmy od Ciebie nast\u0119puj\u0105ce kategorie danych osobowych:<\/p>\n<ul>\n<li>dane teleadresowe, adresy e-mail, telefony, czasami NIP,<\/li>\n<li>histori\u0119 odbytych podr\u00f3\u017cy (mog\u0105 by\u0107 wykorzystywane jako preferencje, podstawa do udzielenia zni\u017cki).<\/li>\n<\/ul>\n<p>&nbsp;<\/p>\n<p><strong>W jakim celu i na jakiej podstawie przetwarzamy Twoje dane osobowe?<\/strong><\/p>\n<p>Twoje dane osobowe pozyskane w zwi\u0105zku z przygotowan\u0105 ofert\u0105 zwi\u0105zan\u0105 z imprez\u0105 turystyczn\u0105 lub wype\u0142nionym formularzem rezerwacyjnym b\u0119d\u0105 przetwarzane w nast\u0119puj\u0105cych celach:<\/p>\n<ul>\n<li>zawarcia i wykonania umowy o \u015bwiadczenie us\u0142ug turystycznych,<\/li>\n<li>sprzeda\u017cy produkt\u00f3w i us\u0142ug zwi\u0105zanych z dzia\u0142alno\u015bci\u0105 PBPO,<\/li>\n<li>obs\u0142uga za\u0142o\u017conych przez Ciebie rezerwacji,<\/li>\n<li>obs\u0142uga zg\u0142osze\u0144, kt\u00f3re kierujesz do nas (np. przez formularz rezerwacyjny lub drog\u0105 mailow\u0105),<\/li>\n<li>dochodzenie roszcze\u0144 zwi\u0105zanych z zawart\u0105 umow\u0105 o \u015bwiadczenie us\u0142ug turystycznych,<\/li>\n<li>wype\u0142niania przez nas innych zobowi\u0105za\u0144 ustawowych,<\/li>\n<li>marketingu naszych produkt\u00f3w i us\u0142ug, w tym w celach analitycznych i profilowania,<\/li>\n<li>kontaktowanie si\u0119 z Tob\u0105, w tym w celach zwi\u0105zanych z dozwolonymi dzia\u0142aniami marketingowymi, poprzez dost\u0119pne kana\u0142y komunikacji, w szczeg\u00f3lno\u015bci i za Twoj\u0105 zgod\u0105 przez e-mail oraz telefon.<\/li>\n<\/ul>\n<p>Podstaw\u0105 prawn\u0105 przetwarzania danych jest niezb\u0119dno\u015b\u0107 ich przetwarzania do realizacji prawnie uzasadnionego interesu administratora (art. 6 ust. 1 lit. b), c), f) oraz art. 9 ust. 2 lit. f) i g) RODO.\u00a0\u00a0\u00a0\u00a0\u00a0\u00a0\u00a0\u00a0\u00a0\u00a0\u00a0\u00a0\u00a0\u00a0<\/p>\n<p>&nbsp;<\/p>\n<p><strong>Jak d\u0142ugo b\u0119dziemy przechowywa\u0107 Twoje dane osobowe?<\/strong><\/p>\n<p>Twoje dane osobowe b\u0119d\u0105 przechowywane do momentu przedawnienia roszcze\u0144 z tytu\u0142u umowy o \u015bwiadczenie us\u0142ug turystycznych lub do momentu wyga\u015bni\u0119cia obowi\u0105zku przechowywania danych wynikaj\u0105cego z przepis\u00f3w prawa, w szczeg\u00f3lno\u015bci obowi\u0105zku przechowywania dokument\u00f3w ksi\u0119gowych dotycz\u0105cych umowy o \u015bwiadczeniu us\u0142ug turystycznych, przepis\u00f3w o wype\u0142nianiu mi\u0119dzynarodowych obowi\u0105zk\u00f3w podatkowych oraz przepis\u00f3w o automatycznej wymianie informacji podatkowych z innymi pa\u0144stwami.<\/p>\n<p>Przestaniemy przetwarza\u0107 Twoje dane do cel\u00f3w marketingu, w tym profilowania i cel\u00f3w analitycznych, je\u017celi zg\u0142osisz nam sprzeciw wobec przetwarzania Twoich danych w tych celach.<\/p>\n<p>Dodatkowo, je\u017celi wyrazi\u0142e\u015b zgod\u0119 na przesy\u0142anie informacji handlowych za pomoc\u0105 poszczeg\u00f3lnych kana\u0142\u00f3w komunikacji elektronicznej (e-mail, sms, kontakt telefoniczny), zaprzestaniemy tych dzia\u0142a\u0144, je\u017celi wycofasz wcze\u015bniej udzielon\u0105 w tym zakresie dobrowoln\u0105 zgod\u0119.<\/p>\n<p>&nbsp;<\/p>\n<p><strong>Informacja o zautomatyzowanym podejmowaniu decyzji, w tym profilowaniu:<\/strong><\/p>\n<p>PBPO korzysta z system\u00f3w s\u0142u\u017c\u0105cych do zautomatyzowanego podejmowania decyzji. Nast\u0119puj\u0105ce decyzje mog\u0105 by\u0107 podejmowane w spos\u00f3b zautomatyzowany:<\/p>\n<ul>\n<li>Profilowanie wykonywane jest w oparciu o posiadane dane w szczeg\u00f3lno\u015bci o dane dotycz\u0105ce \u015bwiadczonych wcze\u015bniej us\u0142ug.<\/li>\n<li>Celem profilowania jest lepsze dobranie materia\u0142\u00f3w informacyjnych oraz ofert dotycz\u0105cych naszych produkt\u00f3w. Dzi\u0119ki profilowaniu prawdopodobnie b\u0119dziesz otrzymywa\u0142 mniej informacji, ale lepiej dopasowanych do Twoich preferencji.<\/li>\n<li>Profilowanie nie wywo\u0142uje skutk\u00f3w prawnych ani podobnie istotnych konsekwencji.<\/li>\n<li>W ka\u017cdej chwili mo\u017cesz wyrazi\u0107 sprzeciw na profilowanie.<\/li>\n<\/ul>\n<p>&nbsp;<\/p>\n<p><strong>Kto mo\u017ce by\u0107 odbiorc\u0105 Twoich danych osobowych?<\/strong><\/p>\n<p>W zale\u017cno\u015bci od realizowanych us\u0142ug, Twoje dane osobowe mog\u0105 zosta\u0107 przekazane do:<\/p>\n<ul>\n<li>upowa\u017cnionych do tego naszych pracownik\u00f3w,<\/li>\n<li>podmiot\u00f3w przetwarzaj\u0105cych dane w naszym imieniu. Mog\u0105 to by\u0107 m.in.:<\/li>\n<li>agenci turystyczni,<\/li>\n<li>podmioty i organy uprawnione na podstawie przepis\u00f3w prawa,<\/li>\n<li>podmioty wsp\u00f3\u0142pracuj\u0105ce z nami w procesie ubezpieczeniowym oraz realizuj\u0105ce us\u0142ugi assistance,<\/li>\n<li>dostawcy us\u0142ug informatycznych,<\/li>\n<li>plac\u00f3wki medyczne,<\/li>\n<li>podmioty prowadz\u0105ce dzia\u0142alno\u015b\u0107 p\u0142atnicz\u0105,<\/li>\n<li>podmioty prowadz\u0105ce dzia\u0142alno\u015b\u0107 pocztow\u0105 lub kuriersk\u0105,<\/li>\n<li>procesory w zwi\u0105zku ze zleconymi przez PBPO dzia\u0142aniami realizowanymi w imieniu PBPO,<\/li>\n<li>organizatorzy imprez turystycznych, linie lotnicze, przewo\u017anicy, hotele i inne podmioty niezb\u0119dne do wykonania umowy o \u015bwiadczenie us\u0142ug turystycznych.<\/li>\n<\/ul>\n<p>Dodatkowo, Twoje dane osobowe mog\u0105 by\u0107 przekazywane do odbiorc\u00f3w znajduj\u0105cych si\u0119 w pa\u0144stwach poza Europejskim Obszarem Gospodarczym, ale b\u0119dzie to mia\u0142o miejsce wy\u0142\u0105cznie w sytuacji, gdy przekazanie danych jest niezb\u0119dne do wykonania umowy o \u015bwiadczenie us\u0142ug turystycznych.<\/p>\n<p>Przekazywanie danych poza EOG odbywa si\u0119 zgodnie z odpowiednimi zabezpieczeniami.<\/p>\n<p>Dane mog\u0105 by\u0107 przechowywane w systemach informatycznych obs\u0142ugiwanych przez zewn\u0119trznych dostawc\u00f3w (np. system rezerwacyjny, CRM, hosting poczty).<\/p>\n<p>&nbsp;<\/p>\n<p><strong>Jakie masz prawa w zakresie przetwarzania Twoich danych osobowych?<\/strong><\/p>\n<ul>\n<li>Prawo dost\u0119pu do danych oraz prawo \u017c\u0105dania ich sprostowania, uzupe\u0142nienia niekompletnych danych osobowych, ich usuni\u0119cia lub ograniczenia ich przetwarzania.<\/li>\n<li>W zakresie, w jakim dane s\u0105 przetwarzane w celu zawarcia i wykonywania umowy o \u015bwiadczenie us\u0142ug turystycznych lub przetwarzane s\u0105 na podstawie zgody \u2013 przys\u0142uguje Ci prawo do przenoszenia danych osobowych, tj. do otrzymania od nas Twoich danych osobowych w powszechnie u\u017cywanym formacie nadaj\u0105cym si\u0119 do odczytu w celu przes\u0142ania ich innemu administratorowi danych.<\/li>\n<li>Zgoda na otrzymywanie informacji handlowych drog\u0105 elektroniczn\u0105 jest odr\u0119bna od zgody na przetwarzanie danych osobowych i mo\u017ce by\u0107 w ka\u017cdej chwili wycofana.<\/li>\n<li>Prawo do wycofania udzielonych zg\u00f3d (nie wp\u0142ywa to jednak na zgodno\u015b\u0107 z prawem przetwarzania danych osobowych, kt\u00f3re mia\u0142o miejsce przed ich wycofaniem).<\/li>\n<li>Prawo wniesienia skargi do organu nadzorczego zajmuj\u0105cego si\u0119 ochron\u0105 danych osobowych w przypadku w\u0105tpliwo\u015bci co do prawid\u0142owo\u015bci przetwarzania Twoich danych osobowych przez PBPO.<\/li>\n<\/ul>\n<p>W celu skorzystania z powy\u017cszych praw, skontaktuj si\u0119 z nami lub naszym inspektorem ochrony danych. Dane kontaktowe wskazane s\u0105 powy\u017cej.<\/p>\n<p>&nbsp;<\/p>\n<p><strong>Czy podanie danych osobowych jest obowi\u0105zkowe?<\/strong><\/p>\n<p>Podanie danych osobowych w zwi\u0105zku z zawieran\u0105 umow\u0105 jest konieczne do zawarcia i wykonywania umowy o \u015bwiadczenie us\u0142ug turystycznych oraz wykonywania innych czynno\u015bci zwi\u0105zanych z dzia\u0142alno\u015bci\u0105 PBPO (np. przygotowaniem oferty). Bez podania danych osobowych nie jest mo\u017cliwe przyj\u0119cie rezerwacji oraz zawarcie umowy o \u015bwiadczenie us\u0142ug turystycznych.<\/p>\n<p>Podanie danych do cel\u00f3w marketingowych jest dobrowolne.<\/p>\n<p>&nbsp;<\/p>\n<p>Wersja do pobrania:<br \/><a href=\"https:\/\/pbpo.pl\/wp-content\/uploads\/2025\/10\/Informacja-o-przetwarzaniu-danych-osobowych_PBPO_2025.pdf\" target=\"_blank\" rel=\"noopener\">Informacja o przetwarzaniu danych osobowych przez PBPO<\/a>\u00a0<\/p>\n<p>Ostatnia aktualizacja: pa\u017adziernik 2025 r.<\/p>\n[\/et_pb_text][\/et_pb_column][\/et_pb_row][\/et_pb_section][et_pb_section fb_built=&#8221;1&#8243; module_id=&#8221;tlo_kolor&#8221; _builder_version=&#8221;4.11.4&#8243; background_color=&#8221;#de0228&#8243; parallax=&#8221;on&#8221; parallax_method=&#8221;off&#8221; custom_margin=&#8221;1px|0px||0px|false|false&#8221; custom_padding=&#8221;0px|10px|10px|10px&#8221; global_module=&#8221;193&#8243; global_colors_info=&#8221;{}&#8221;][et_pb_row _builder_version=&#8221;4.21.0&#8243; _module_preset=&#8221;default&#8221; global_colors_info=&#8221;{}&#8221;][et_pb_column type=&#8221;4_4&#8243; _builder_version=&#8221;4.16&#8243; _module_preset=&#8221;default&#8221; global_colors_info=&#8221;{}&#8221;][et_pb_text _builder_version=&#8221;4.21.0&#8243; _module_preset=&#8221;default&#8221; global_colors_info=&#8221;{}&#8221;]\n\n<div id=\"val\"><\/div>\n<div id=\"val2\"><\/div>\n\n<div style=\"border:0px solid #000000;border-radius:5px; padding: 0px 0px;overflow:hidden;\" id=\"fm_form_2\">\n<form method=\"post\" action=\"\" onsubmit=\"return valid1();\">\n<h3 style=\"text-shadow: 1px 1px 0px #000;color: white;font-size: 23px;font-weight: normal;text-align:center;padding: 0px;margin: 5px 0px 5px 0px;\">Dowiedz si\u0119 pierwszy o naszej ofercie i promocjach<\/h3>\n<div style=\"display: flex;flex-direction: row;flex-wrap: wrap;justify-content: center;align-items: center;\">\n<div id=\"pole\">\n<div style=\"margin: 0% 0%;\">\n <input placeholder=\"Email\" value=\"\" id=\"mail\" name=\"mail\" style=\"padding:1px 5px;max-width:100%;width:100%; height:35px;color:#000000;font-size:12pt; border:1px solid #b7b7b7;\" type=\"text\">\n <\/div>\n <\/div>\n<div id=\"pole\">\n<div style=\"margin: 0% 0%;\">\n <input placeholder=\"Imi\u0119\" value=\"\" id=\"imie\" name=\"imie\" style=\"padding:1px 5px;max-width:100%;width:100%; height:35px;color:#000000;font-size:12pt; border:1px solid #b7b7b7;\" type=\"text\">\n <\/div>\n <\/div>\n<div id=\"pole_b\">\n <button type=\"submit\" name=\"zapisz_mnie\" style=\"box-shadow:none;border-radius:5px;width:100%; height:36px;font-size:13pt; color:#ffffff;background:#2466d2;border:0px solid #8c8c8c;\">Zapisz mnie<\/button>\n <\/div>\n<div style=\"clear:both;\"><\/div>\n <p style=\"color: #000;width: 100%;text-align: left;margin: 10px 13px 0px 13px !important;padding:0px !important;\"><input type=\"checkbox\" name=\"zgoda\" id=\"zgoda\" style=\"width: 10px;margin: 0px 5px 0px 0px !important;padding: 0px !important;height: 10px !important;\">\"Wyra\u017cam zgod\u0119 na otrzymywanie informacji o nowo\u015bciach, produktach i us\u0142ugach od PBPO\u201d. Zgod\u0119 mo\u017cesz w ka\u017cdej chwili wycofa\u0107 wysy\u0142aj\u0105c tak\u0105 wol\u0119 na maila \n <a style=\"color: white;text-decoration: underline;\" href=\"mailto:marketing@pbpo.pl\">marketing@pbpo.pl<\/a>. Administratorem Twoich danych jest PBPO. Szczeg\u00f3\u0142owe informacje na temat przetwarzania Twoich danych znajduj\u0105 si\u0119 w MENU w zak\u0142adce <a style=\"color: white;text-decoration: underline;\" href=\"https:\/\/pbpo.pl\/rodo\/\">RODO<\/a>.\u201d<\/p>\n <\/form>\n\n<\/div>\n[\/et_pb_text][\/et_pb_column][\/et_pb_row][\/et_pb_section]\n","protected":false},"excerpt":{"rendered":"<p>RODO INFORMACJE DOTYCZ\u0104CE PRZETWARZANIA DANYCH OSOBOWYCH Kto jest administratorem Twoich danych osobowych? Administratorem Twoich danych osobowych jest POLSKIE BIURO PODR\u00d3\u017bY OLSZTYN SP. Z O.O.. (dalej PBPO) z siedzib\u0105 przy ul. Lipowej 6 w Olsztynie (10-065). Kontakt: e-mail: biuro@pbpo.pl, tel. +48 89 5350818 lub pisemnie na adres naszej siedziby. W sprawach dotycz\u0105cych przetwarzania danych osobowych mo\u017cesz [&hellip;]<\/p>\n","protected":false},"author":1,"featured_media":0,"parent":0,"menu_order":0,"comment_status":"closed","ping_status":"closed","template":"","meta":{"_et_pb_use_builder":"on","_et_pb_old_content":"","_et_gb_content_width":"","footnotes":""},"class_list":["post-77","page","type-page","status-publish","hentry"],"yoast_head":"<!-- This site is optimized with the Yoast SEO plugin v26.3 - https:\/\/yoast.com\/wordpress\/plugins\/seo\/ -->\n<title>RODO - PBPO<\/title>\n<meta name=\"robots\" content=\"index, follow, max-snippet:-1, max-image-preview:large, max-video-preview:-1\" \/>\n<link rel=\"canonical\" href=\"https:\/\/pbpo.pl\/?page_id=77\" \/>\n<meta property=\"og:locale\" content=\"pl_PL\" \/>\n<meta property=\"og:type\" content=\"article\" \/>\n<meta property=\"og:title\" content=\"RODO - PBPO\" \/>\n<meta property=\"og:description\" content=\"RODO INFORMACJE DOTYCZ\u0104CE PRZETWARZANIA DANYCH OSOBOWYCH Kto jest administratorem Twoich danych osobowych? Administratorem Twoich danych osobowych jest POLSKIE BIURO PODR\u00d3\u017bY OLSZTYN SP. Z O.O.. (dalej PBPO) z siedzib\u0105 przy ul. Lipowej 6 w Olsztynie (10-065). Kontakt: e-mail: biuro@pbpo.pl, tel. +48 89 5350818 lub pisemnie na adres naszej siedziby. W sprawach dotycz\u0105cych przetwarzania danych osobowych mo\u017cesz [&hellip;]\" \/>\n<meta property=\"og:url\" content=\"https:\/\/pbpo.pl\/?page_id=77\" \/>\n<meta property=\"og:site_name\" content=\"PBPO\" \/>\n<meta property=\"article:publisher\" content=\"https:\/\/www.facebook.com\/pbpolsztyn\" \/>\n<meta property=\"article:modified_time\" content=\"2025-10-20T13:54:52+00:00\" \/>\n<meta name=\"twitter:card\" content=\"summary_large_image\" \/>\n<meta name=\"twitter:label1\" content=\"Szacowany czas czytania\" \/>\n\t<meta name=\"twitter:data1\" content=\"7 minut\" \/>\n<script type=\"application\/ld+json\" class=\"yoast-schema-graph\">{\"@context\":\"https:\/\/schema.org\",\"@graph\":[{\"@type\":\"WebPage\",\"@id\":\"https:\/\/pbpo.pl\/?page_id=77\",\"url\":\"https:\/\/pbpo.pl\/?page_id=77\",\"name\":\"RODO - PBPO\",\"isPartOf\":{\"@id\":\"https:\/\/pbpo.pl\/#website\"},\"datePublished\":\"2018-10-24T14:39:28+00:00\",\"dateModified\":\"2025-10-20T13:54:52+00:00\",\"breadcrumb\":{\"@id\":\"https:\/\/pbpo.pl\/?page_id=77#breadcrumb\"},\"inLanguage\":\"pl-PL\",\"potentialAction\":[{\"@type\":\"ReadAction\",\"target\":[\"https:\/\/pbpo.pl\/?page_id=77\"]}]},{\"@type\":\"BreadcrumbList\",\"@id\":\"https:\/\/pbpo.pl\/?page_id=77#breadcrumb\",\"itemListElement\":[{\"@type\":\"ListItem\",\"position\":1,\"name\":\"Strona g\u0142\u00f3wna\",\"item\":\"https:\/\/pbpo.pl\/\"},{\"@type\":\"ListItem\",\"position\":2,\"name\":\"RODO\"}]},{\"@type\":\"WebSite\",\"@id\":\"https:\/\/pbpo.pl\/#website\",\"url\":\"https:\/\/pbpo.pl\/\",\"name\":\"PBPO\",\"description\":\"Organizator turystyki, Wycieczki Autokarowe po Europie, Krajach Ba\u0142tyckich i Rosji\",\"publisher\":{\"@id\":\"https:\/\/pbpo.pl\/#organization\"},\"potentialAction\":[{\"@type\":\"SearchAction\",\"target\":{\"@type\":\"EntryPoint\",\"urlTemplate\":\"https:\/\/pbpo.pl\/?s={search_term_string}\"},\"query-input\":{\"@type\":\"PropertyValueSpecification\",\"valueRequired\":true,\"valueName\":\"search_term_string\"}}],\"inLanguage\":\"pl-PL\"},{\"@type\":\"Organization\",\"@id\":\"https:\/\/pbpo.pl\/#organization\",\"name\":\"Polskie Biuro Podr\u00f3\u017cy Olsztyn\",\"url\":\"https:\/\/pbpo.pl\/\",\"logo\":{\"@type\":\"ImageObject\",\"inLanguage\":\"pl-PL\",\"@id\":\"https:\/\/pbpo.pl\/#\/schema\/logo\/image\/\",\"url\":\"https:\/\/pbpo.pl\/wp-content\/uploads\/2018\/12\/pbpo-2.jpg\",\"contentUrl\":\"https:\/\/pbpo.pl\/wp-content\/uploads\/2018\/12\/pbpo-2.jpg\",\"width\":350,\"height\":135,\"caption\":\"Polskie Biuro Podr\u00f3\u017cy Olsztyn\"},\"image\":{\"@id\":\"https:\/\/pbpo.pl\/#\/schema\/logo\/image\/\"},\"sameAs\":[\"https:\/\/www.facebook.com\/pbpolsztyn\",\"https:\/\/www.instagram.com\/pbpo_pl\/\"]}]}<\/script>\n<!-- \/ Yoast SEO plugin. -->","yoast_head_json":{"title":"RODO - PBPO","robots":{"index":"index","follow":"follow","max-snippet":"max-snippet:-1","max-image-preview":"max-image-preview:large","max-video-preview":"max-video-preview:-1"},"canonical":"https:\/\/pbpo.pl\/?page_id=77","og_locale":"pl_PL","og_type":"article","og_title":"RODO - PBPO","og_description":"RODO INFORMACJE DOTYCZ\u0104CE PRZETWARZANIA DANYCH OSOBOWYCH Kto jest administratorem Twoich danych osobowych? Administratorem Twoich danych osobowych jest POLSKIE BIURO PODR\u00d3\u017bY OLSZTYN SP. Z O.O.. (dalej PBPO) z siedzib\u0105 przy ul. Lipowej 6 w Olsztynie (10-065). Kontakt: e-mail: biuro@pbpo.pl, tel. +48 89 5350818 lub pisemnie na adres naszej siedziby. W sprawach dotycz\u0105cych przetwarzania danych osobowych mo\u017cesz [&hellip;]","og_url":"https:\/\/pbpo.pl\/?page_id=77","og_site_name":"PBPO","article_publisher":"https:\/\/www.facebook.com\/pbpolsztyn","article_modified_time":"2025-10-20T13:54:52+00:00","twitter_card":"summary_large_image","twitter_misc":{"Szacowany czas czytania":"7 minut"},"schema":{"@context":"https:\/\/schema.org","@graph":[{"@type":"WebPage","@id":"https:\/\/pbpo.pl\/?page_id=77","url":"https:\/\/pbpo.pl\/?page_id=77","name":"RODO - PBPO","isPartOf":{"@id":"https:\/\/pbpo.pl\/#website"},"datePublished":"2018-10-24T14:39:28+00:00","dateModified":"2025-10-20T13:54:52+00:00","breadcrumb":{"@id":"https:\/\/pbpo.pl\/?page_id=77#breadcrumb"},"inLanguage":"pl-PL","potentialAction":[{"@type":"ReadAction","target":["https:\/\/pbpo.pl\/?page_id=77"]}]},{"@type":"BreadcrumbList","@id":"https:\/\/pbpo.pl\/?page_id=77#breadcrumb","itemListElement":[{"@type":"ListItem","position":1,"name":"Strona g\u0142\u00f3wna","item":"https:\/\/pbpo.pl\/"},{"@type":"ListItem","position":2,"name":"RODO"}]},{"@type":"WebSite","@id":"https:\/\/pbpo.pl\/#website","url":"https:\/\/pbpo.pl\/","name":"PBPO","description":"Organizator turystyki, Wycieczki Autokarowe po Europie, Krajach Ba\u0142tyckich i Rosji","publisher":{"@id":"https:\/\/pbpo.pl\/#organization"},"potentialAction":[{"@type":"SearchAction","target":{"@type":"EntryPoint","urlTemplate":"https:\/\/pbpo.pl\/?s={search_term_string}"},"query-input":{"@type":"PropertyValueSpecification","valueRequired":true,"valueName":"search_term_string"}}],"inLanguage":"pl-PL"},{"@type":"Organization","@id":"https:\/\/pbpo.pl\/#organization","name":"Polskie Biuro Podr\u00f3\u017cy Olsztyn","url":"https:\/\/pbpo.pl\/","logo":{"@type":"ImageObject","inLanguage":"pl-PL","@id":"https:\/\/pbpo.pl\/#\/schema\/logo\/image\/","url":"https:\/\/pbpo.pl\/wp-content\/uploads\/2018\/12\/pbpo-2.jpg","contentUrl":"https:\/\/pbpo.pl\/wp-content\/uploads\/2018\/12\/pbpo-2.jpg","width":350,"height":135,"caption":"Polskie Biuro Podr\u00f3\u017cy Olsztyn"},"image":{"@id":"https:\/\/pbpo.pl\/#\/schema\/logo\/image\/"},"sameAs":["https:\/\/www.facebook.com\/pbpolsztyn","https:\/\/www.instagram.com\/pbpo_pl\/"]}]}},"_links":{"self":[{"href":"https:\/\/pbpo.pl\/index.php?rest_route=\/wp\/v2\/pages\/77","targetHints":{"allow":["GET"]}}],"collection":[{"href":"https:\/\/pbpo.pl\/index.php?rest_route=\/wp\/v2\/pages"}],"about":[{"href":"https:\/\/pbpo.pl\/index.php?rest_route=\/wp\/v2\/types\/page"}],"author":[{"embeddable":true,"href":"https:\/\/pbpo.pl\/index.php?rest_route=\/wp\/v2\/users\/1"}],"replies":[{"embeddable":true,"href":"https:\/\/pbpo.pl\/index.php?rest_route=%2Fwp%2Fv2%2Fcomments&post=77"}],"version-history":[{"count":5,"href":"https:\/\/pbpo.pl\/index.php?rest_route=\/wp\/v2\/pages\/77\/revisions"}],"predecessor-version":[{"id":2829,"href":"https:\/\/pbpo.pl\/index.php?rest_route=\/wp\/v2\/pages\/77\/revisions\/2829"}],"wp:attachment":[{"href":"https:\/\/pbpo.pl\/index.php?rest_route=%2Fwp%2Fv2%2Fmedia&parent=77"}],"curies":[{"name":"wp","href":"https:\/\/api.w.org\/{rel}","templated":true}]}}