{"id":1563,"date":"2021-03-11T12:57:14","date_gmt":"2021-03-11T11:57:14","guid":{"rendered":"https:\/\/pbpo.pl\/?page_id=1563"},"modified":"2024-01-09T14:07:23","modified_gmt":"2024-01-09T13:07:23","slug":"oferta-wer-robocza","status":"publish","type":"page","link":"https:\/\/pbpo.pl\/?page_id=1563","title":{"rendered":"Oferta"},"content":{"rendered":"[et_pb_section fb_built=&#8221;1&#8243; module_id=&#8221;tlo_kolor&#8221; _builder_version=&#8221;4.16&#8243; parallax=&#8221;on&#8221; parallax_method=&#8221;off&#8221; custom_margin=&#8221;10px||0px|&#8221; custom_padding=&#8221;0px|10px|10px|10px&#8221; global_colors_info=&#8221;{}&#8221;][et_pb_row module_id=&#8221;tlo_biale&#8221; _builder_version=&#8221;4.16&#8243; parallax=&#8221;on&#8221; parallax_method=&#8221;off&#8221; custom_padding=&#8221;|20px||20px&#8221; global_colors_info=&#8221;{}&#8221;][et_pb_column type=&#8221;4_4&#8243; _builder_version=&#8221;4.16&#8243; custom_padding=&#8221;|||&#8221; global_colors_info=&#8221;{}&#8221; custom_padding__hover=&#8221;|||&#8221;][et_pb_text admin_label=&#8221;Oferta&#8221; _builder_version=&#8221;4.16&#8243; animation_style=&#8221;zoom&#8221; global_colors_info=&#8221;{}&#8221;]\n<h2 id=\"terminy_ceny\">Oferta<\/h2>\n[\/et_pb_text][\/et_pb_column][\/et_pb_row][et_pb_row column_structure=&#8221;1_3,1_3,1_3&#8243; module_id=&#8221;tlo_biale&#8221; _builder_version=&#8221;4.16&#8243; parallax=&#8221;on&#8221; parallax_method=&#8221;off&#8221; custom_padding=&#8221;0px|20px||20px&#8221; filter_saturate=&#8221;106%&#8221; filter_brightness=&#8221;101%&#8221; filter_contrast=&#8221;110%&#8221; global_colors_info=&#8221;{}&#8221;][et_pb_column type=&#8221;1_3&#8243; _builder_version=&#8221;4.16&#8243; custom_padding=&#8221;|||&#8221; global_colors_info=&#8221;{}&#8221; custom_padding__hover=&#8221;|||&#8221;][et_pb_image src=&#8221;https:\/\/pbpo.pl\/wp-content\/uploads\/2021\/03\/1-scaled.jpg&#8221; alt=&#8221;wycieczki szkolne&#8221; title_text=&#8221;oferta dla szk\u00f3\u0142&#8221; url=&#8221;https:\/\/pbpo.pl\/oferta-dla-firm\/&#8221; align_tablet=&#8221;center&#8221; align_phone=&#8221;&#8221; align_last_edited=&#8221;on|desktop&#8221; _builder_version=&#8221;4.16&#8243; global_colors_info=&#8221;{}&#8221;][\/et_pb_image][\/et_pb_column][et_pb_column type=&#8221;1_3&#8243; _builder_version=&#8221;4.16&#8243; custom_padding=&#8221;|||&#8221; global_colors_info=&#8221;{}&#8221; custom_padding__hover=&#8221;|||&#8221;][et_pb_image src=&#8221;https:\/\/pbpo.pl\/wp-content\/uploads\/2021\/03\/2-scaled.jpg&#8221; alt=&#8221;oferta dla firm&#8221; title_text=&#8221;oferta b2b&#8221; url=&#8221;https:\/\/pbpo.pl\/oferta-dla-firm\/&#8221; align_tablet=&#8221;center&#8221; align_phone=&#8221;&#8221; align_last_edited=&#8221;on|desktop&#8221; _builder_version=&#8221;4.16&#8243; global_colors_info=&#8221;{}&#8221;][\/et_pb_image][\/et_pb_column][et_pb_column type=&#8221;1_3&#8243; _builder_version=&#8221;4.16&#8243; custom_padding=&#8221;|||&#8221; global_colors_info=&#8221;{}&#8221; custom_padding__hover=&#8221;|||&#8221;][et_pb_image src=&#8221;https:\/\/pbpo.pl\/wp-content\/uploads\/2021\/03\/3-scaled.jpg&#8221; alt=&#8221;oferta wycieczek pbpo&#8221; title_text=&#8221;nasza oferta&#8221; url=&#8221;https:\/\/pbpo.pl\/kierunki\/&#8221; align_tablet=&#8221;center&#8221; align_phone=&#8221;&#8221; align_last_edited=&#8221;on|desktop&#8221; _builder_version=&#8221;4.16&#8243; global_colors_info=&#8221;{}&#8221;][\/et_pb_image][\/et_pb_column][\/et_pb_row][et_pb_row column_structure=&#8221;1_3,1_3,1_3&#8243; module_id=&#8221;tlo_biale&#8221; _builder_version=&#8221;4.16&#8243; parallax=&#8221;on&#8221; parallax_method=&#8221;off&#8221; custom_padding=&#8221;0px|20px||20px&#8221; filter_saturate=&#8221;106%&#8221; filter_brightness=&#8221;101%&#8221; filter_contrast=&#8221;110%&#8221; global_colors_info=&#8221;{}&#8221;][et_pb_column type=&#8221;1_3&#8243; _builder_version=&#8221;4.16&#8243; custom_padding=&#8221;|||&#8221; global_colors_info=&#8221;{}&#8221; custom_padding__hover=&#8221;|||&#8221;][et_pb_image src=&#8221;https:\/\/pbpo.pl\/wp-content\/uploads\/2024\/01\/Projekt-bez-nazwy.png&#8221; alt=&#8221;nasze katalogi&#8221; title_text=&#8221;Projekt bez nazwy&#8221; url=&#8221;https:\/\/pbpo.pl\/?po_frazie=&#038;kierunek=&#038;termin_od=&#038;termin_do=&#038;transport=&#038;cena_od=&#038;typ=&#038;typ5=&#038;szukaj=&#8221; align_tablet=&#8221;center&#8221; align_phone=&#8221;&#8221; align_last_edited=&#8221;on|desktop&#8221; _builder_version=&#8221;4.21.0&#8243; hover_enabled=&#8221;0&#8243; global_colors_info=&#8221;{}&#8221; sticky_enabled=&#8221;0&#8243;][\/et_pb_image][\/et_pb_column][et_pb_column type=&#8221;1_3&#8243; _builder_version=&#8221;4.16&#8243; custom_padding=&#8221;|||&#8221; global_colors_info=&#8221;{}&#8221; custom_padding__hover=&#8221;|||&#8221;][et_pb_image src=&#8221;https:\/\/pbpo.pl\/wp-content\/uploads\/2021\/03\/5-scaled.jpg&#8221; alt=&#8221;kup voucher turystyczny&#8221; title_text=&#8221;voucher pbpo&#8221; url=&#8221;https:\/\/pbpo.pl\/wp-content\/uploads\/2022\/10\/Regulamin-Voucheru-Turystycznego.pdf&#8221; url_new_window=&#8221;on&#8221; align_tablet=&#8221;center&#8221; align_phone=&#8221;&#8221; align_last_edited=&#8221;on|desktop&#8221; _builder_version=&#8221;4.16&#8243; hover_enabled=&#8221;0&#8243; global_colors_info=&#8221;{}&#8221; sticky_enabled=&#8221;0&#8243;][\/et_pb_image][\/et_pb_column][et_pb_column type=&#8221;1_3&#8243; _builder_version=&#8221;4.16&#8243; custom_padding=&#8221;|||&#8221; global_colors_info=&#8221;{}&#8221; custom_padding__hover=&#8221;|||&#8221;][et_pb_image src=&#8221;https:\/\/pbpo.pl\/wp-content\/uploads\/2021\/03\/6-scaled.jpg&#8221; alt=&#8221;lista kierunk\u00f3w pbpo&#8221; title_text=&#8221;nasze kierunki&#8221; url=&#8221;https:\/\/pbpo.pl\/kierunki\/&#8221; align_tablet=&#8221;center&#8221; align_phone=&#8221;&#8221; align_last_edited=&#8221;on|desktop&#8221; _builder_version=&#8221;4.16&#8243; global_colors_info=&#8221;{}&#8221;][\/et_pb_image][\/et_pb_column][\/et_pb_row][\/et_pb_section][et_pb_section fb_built=&#8221;1&#8243; module_id=&#8221;tlo_kolor&#8221; _builder_version=&#8221;4.11.4&#8243; background_color=&#8221;#de0228&#8243; parallax=&#8221;on&#8221; parallax_method=&#8221;off&#8221; custom_margin=&#8221;1px|0px||0px|false|false&#8221; custom_padding=&#8221;0px|10px|10px|10px&#8221; global_module=&#8221;193&#8243; global_colors_info=&#8221;{}&#8221;][et_pb_row _builder_version=&#8221;4.16&#8243; _module_preset=&#8221;default&#8221; global_colors_info=&#8221;{}&#8221;][et_pb_column type=&#8221;4_4&#8243; _builder_version=&#8221;4.16&#8243; _module_preset=&#8221;default&#8221; global_colors_info=&#8221;{}&#8221;][et_pb_text _builder_version=&#8221;4.16&#8243; _module_preset=&#8221;default&#8221; global_colors_info=&#8221;{}&#8221;]\n<div id=\"val\"><\/div>\n<div id=\"val2\"><\/div>\n\n<div style=\"border:0px solid #000000;border-radius:5px; padding: 0px 0px;overflow:hidden;\" id=\"fm_form_2\">\n<form method=\"post\" action=\"\" onsubmit=\"return valid1();\">\n<h3 style=\"text-shadow: 1px 1px 0px #000;color: white;font-size: 23px;font-weight: normal;text-align:center;padding: 0px;margin: 5px 0px 5px 0px;\">Dowiedz si\u0119 pierwszy o naszej ofercie i promocjach<\/h3>\n<div style=\"display: flex;flex-direction: row;flex-wrap: wrap;justify-content: center;align-items: center;\">\n<div id=\"pole\">\n<div style=\"margin: 0% 0%;\">\n <input placeholder=\"Email\" value=\"\" id=\"mail\" name=\"mail\" style=\"padding:1px 5px;max-width:100%;width:100%; height:35px;color:#000000;font-size:12pt; border:1px solid #b7b7b7;\" type=\"text\">\n <\/div>\n <\/div>\n<div id=\"pole\">\n<div style=\"margin: 0% 0%;\">\n <input placeholder=\"Imi\u0119\" value=\"\" id=\"imie\" name=\"imie\" style=\"padding:1px 5px;max-width:100%;width:100%; height:35px;color:#000000;font-size:12pt; border:1px solid #b7b7b7;\" type=\"text\">\n <\/div>\n <\/div>\n<div id=\"pole_b\">\n <button type=\"submit\" name=\"zapisz_mnie\" style=\"box-shadow:none;border-radius:5px;width:100%; height:36px;font-size:13pt; color:#ffffff;background:#2466d2;border:0px solid #8c8c8c;\">Zapisz mnie<\/button>\n <\/div>\n<div style=\"clear:both;\"><\/div>\n <p style=\"color: #000;width: 100%;text-align: left;margin: 10px 13px 0px 13px !important;padding:0px !important;\"><input type=\"checkbox\" name=\"zgoda\" id=\"zgoda\" style=\"width: 10px;margin: 0px 5px 0px 0px !important;padding: 0px !important;height: 10px !important;\">\"Wyra\u017cam zgod\u0119 na otrzymywanie informacji o nowo\u015bciach, produktach i us\u0142ugach od PBPO\u201d. Zgod\u0119 mo\u017cesz w ka\u017cdej chwili wycofa\u0107 wysy\u0142aj\u0105c tak\u0105 wol\u0119 na maila \n <a style=\"color: white;text-decoration: underline;\" href=\"mailto:marketing@pbpo.pl\">marketing@pbpo.pl<\/a>. Administratorem Twoich danych jest PBPO. Szczeg\u00f3\u0142owe informacje na temat przetwarzania Twoich danych znajduj\u0105 si\u0119 w MENU w zak\u0142adce <a style=\"color: white;text-decoration: underline;\" href=\"https:\/\/pbpo.pl\/rodo\/\">RODO<\/a>.\u201d<\/p>\n <\/form>\n\n<\/div>[\/et_pb_text][\/et_pb_column][\/et_pb_row][et_pb_row column_structure=&#8221;1_4,1_4,1_4,1_4&#8243; module_id=&#8221;tlo_biale&#8221; _builder_version=&#8221;4.16&#8243; parallax=&#8221;on&#8221; parallax_method=&#8221;off&#8221; custom_padding=&#8221;0px|20px||20px&#8221; global_colors_info=&#8221;{}&#8221;][et_pb_column type=&#8221;1_4&#8243; _builder_version=&#8221;4.16&#8243; custom_padding=&#8221;|||&#8221; global_colors_info=&#8221;{}&#8221; custom_padding__hover=&#8221;|||&#8221;][et_pb_text _builder_version=&#8221;4.16&#8243; global_colors_info=&#8221;{}&#8221;]\n<p>\n<strong>Agencje Turystyczne:<\/strong><br \/>Wycieczki PBPO dost\u0119pne s\u0105 w ponad 2000 Biurach Podr\u00f3\u017cy na terenie ca\u0142ego kraju.<br \/>Skontaktuj si\u0119 z nami, a znajdziemy dla Ciebie najbli\u017csze biuro z nasz\u0105 ofert\u0105.<\/p>\n[\/et_pb_text][\/et_pb_column][et_pb_column type=&#8221;1_4&#8243; _builder_version=&#8221;4.16&#8243; custom_padding=&#8221;|||&#8221; global_colors_info=&#8221;{}&#8221; custom_padding__hover=&#8221;|||&#8221;][et_pb_image src=&#8221;https:\/\/pbpo.pl\/wp-content\/uploads\/2018\/12\/mapka-akencje-tur.jpg&#8221; align_tablet=&#8221;center&#8221; align_phone=&#8221;&#8221; align_last_edited=&#8221;on|desktop&#8221; _builder_version=&#8221;4.16&#8243; global_colors_info=&#8221;{}&#8221;][\/et_pb_image][\/et_pb_column][et_pb_column type=&#8221;1_4&#8243; _builder_version=&#8221;4.16&#8243; custom_padding=&#8221;|||&#8221; global_colors_info=&#8221;{}&#8221; custom_padding__hover=&#8221;|||&#8221;][et_pb_text ul_type=&#8221;circle&#8221; _builder_version=&#8221;4.16&#8243; text_orientation=&#8221;justified&#8221; custom_padding=&#8221;||0px|||&#8221; animation_style=&#8221;zoom&#8221; animation_speed_curve=&#8221;ease-in&#8221; global_colors_info=&#8221;{}&#8221;]\n<div class=\"et_pb_text et_pb_module et_pb_bg_layout_light et_pb_text_align_left et_pb_text_2\">\n<div class=\"et_pb_text_inner\">\n<p><strong>Sprzeda\u017c:<br \/><\/strong><strong><\/strong><strong>kom.<\/strong><a href=\"tel:606607061\">+48 606 607 061<\/a><strong><br \/><\/strong><strong>tel.<\/strong><a href=\"tel:895350818\">+48 89 535 08 18<\/a><strong><br \/><\/strong><\/p>\n<\/div>\n<\/div>\n[\/et_pb_text][\/et_pb_column][et_pb_column type=&#8221;1_4&#8243; _builder_version=&#8221;4.16&#8243; custom_padding=&#8221;|||&#8221; global_colors_info=&#8221;{}&#8221; custom_padding__hover=&#8221;|||&#8221;][et_pb_text ul_type=&#8221;circle&#8221; _builder_version=&#8221;4.16&#8243; text_orientation=&#8221;justified&#8221; custom_padding=&#8221;||10px|||&#8221; animation_style=&#8221;zoom&#8221; animation_speed_curve=&#8221;ease-in&#8221; global_colors_info=&#8221;{}&#8221;]\n<div class=\"et_pb_text et_pb_module et_pb_bg_layout_light et_pb_text_align_left et_pb_text_2\">\n<div class=\"et_pb_text_inner\">\n<div class=\"et_pb_text et_pb_module et_pb_bg_layout_light et_pb_text_align_left et_pb_text_3\">\n<div class=\"et_pb_text_inner\">\n<p><strong>Godziny pracy:<\/strong><br \/>pn-pt 09:00-17:00<br \/>sobota 10:00 -14:00 (maj-pa\u017adziernik)<\/p>\n<p><strong>e-mail:<\/strong> <a href=\"mailto:biuro@pbpo.pl\">biuro@pbpo.pl<\/a><br \/><strong>internet:<\/strong> <a href=\"https:\/\/pbpo.pl\">www.pbpo.pl<\/a><\/p>\n<\/div>\n<\/div>\n<\/div>\n<\/div>\n[\/et_pb_text][et_pb_text ul_type=&#8221;circle&#8221; _builder_version=&#8221;4.16&#8243; text_orientation=&#8221;justified&#8221; custom_padding=&#8221;||10px|||&#8221; animation_style=&#8221;zoom&#8221; animation_speed_curve=&#8221;ease-in&#8221; global_colors_info=&#8221;{}&#8221;]\n<div class=\"et_pb_text et_pb_module et_pb_bg_layout_light et_pb_text_align_left et_pb_text_2\">\n<div class=\"et_pb_text_inner\">\n<div class=\"et_pb_text et_pb_module et_pb_bg_layout_light et_pb_text_align_left et_pb_text_3\">\n<div class=\"et_pb_text_inner\">\n<p><strong>e-mail:<\/strong> <a href=\"mailto:biuro@pbpo.pl\">biuro@pbpo.pl<\/a><br \/><strong>internet:<\/strong> <a href=\"https:\/\/pbpo.pl\">www.pbpo.pl<\/a><\/p>\n<\/div>\n<\/div>\n<\/div>\n<\/div>\n[\/et_pb_text][\/et_pb_column][\/et_pb_row][\/et_pb_section]\n","protected":false},"excerpt":{"rendered":"<p>Oferta\n<div id=\"val\"><\/div>\n<div id=\"val2\"><\/div>\n\n<div style=\"border:0px solid #000000;border-radius:5px; padding: 0px 0px;overflow:hidden;\" id=\"fm_form_2\">\n<form method=\"post\" action=\"\" onsubmit=\"return valid1();\">\n<h3 style=\"text-shadow: 1px 1px 0px #000;color: white;font-size: 23px;font-weight: normal;text-align:center;padding: 0px;margin: 5px 0px 5px 0px;\">Dowiedz si\u0119 pierwszy o naszej ofercie i promocjach<\/h3>\n<div style=\"display: flex;flex-direction: row;flex-wrap: wrap;justify-content: center;align-items: center;\">\n<div id=\"pole\">\n<div style=\"margin: 0% 0%;\">\n <input placeholder=\"Email\" value=\"\" id=\"mail\" name=\"mail\" style=\"padding:1px 5px;max-width:100%;width:100%; height:35px;color:#000000;font-size:12pt; border:1px solid #b7b7b7;\" type=\"text\">\n <\/div>\n <\/div>\n<div id=\"pole\">\n<div style=\"margin: 0% 0%;\">\n <input placeholder=\"Imi\u0119\" value=\"\" id=\"imie\" name=\"imie\" style=\"padding:1px 5px;max-width:100%;width:100%; height:35px;color:#000000;font-size:12pt; border:1px solid #b7b7b7;\" type=\"text\">\n <\/div>\n <\/div>\n<div id=\"pole_b\">\n <button type=\"submit\" name=\"zapisz_mnie\" style=\"box-shadow:none;border-radius:5px;width:100%; height:36px;font-size:13pt; color:#ffffff;background:#2466d2;border:0px solid #8c8c8c;\">Zapisz mnie<\/button>\n <\/div>\n<div style=\"clear:both;\"><\/div>\n <p style=\"color: #000;width: 100%;text-align: left;margin: 10px 13px 0px 13px !important;padding:0px !important;\"><input type=\"checkbox\" name=\"zgoda\" id=\"zgoda\" style=\"width: 10px;margin: 0px 5px 0px 0px !important;padding: 0px !important;height: 10px !important;\">\"Wyra\u017cam zgod\u0119 na otrzymywanie informacji o nowo\u015bciach, produktach i us\u0142ugach od PBPO\u201d. Zgod\u0119 mo\u017cesz w ka\u017cdej chwili wycofa\u0107 wysy\u0142aj\u0105c tak\u0105 wol\u0119 na maila \n <a style=\"color: white;text-decoration: underline;\" href=\"mailto:marketing@pbpo.pl\">marketing@pbpo.pl<\/a>. Administratorem Twoich danych jest PBPO. Szczeg\u00f3\u0142owe informacje na temat przetwarzania Twoich danych znajduj\u0105 si\u0119 w MENU w zak\u0142adce <a style=\"color: white;text-decoration: underline;\" href=\"https:\/\/pbpo.pl\/rodo\/\">RODO<\/a>.\u201d<\/p>\n <\/form>\n\n<\/div> Agencje Turystyczne:Wycieczki PBPO dost\u0119pne s\u0105 w ponad 2000 Biurach Podr\u00f3\u017cy na terenie ca\u0142ego kraju.Skontaktuj si\u0119 z nami, a znajdziemy dla Ciebie najbli\u017csze biuro z nasz\u0105 ofert\u0105. Sprzeda\u017c:kom.+48 606 607 061tel.+48 89 535 08 18 Godziny pracy:pn-pt 09:00-17:00sobota 10:00 -14:00 (maj-pa\u017adziernik) e-mail: biuro@pbpo.plinternet: www.pbpo.pl e-mail: biuro@pbpo.plinternet: www.pbpo.pl<\/p>\n","protected":false},"author":2,"featured_media":0,"parent":0,"menu_order":0,"comment_status":"closed","ping_status":"closed","template":"","meta":{"_et_pb_use_builder":"on","_et_pb_old_content":"","_et_gb_content_width":"","footnotes":""},"class_list":["post-1563","page","type-page","status-publish","hentry"],"yoast_head":"<!-- This site is optimized with the Yoast SEO plugin v26.3 - https:\/\/yoast.com\/wordpress\/plugins\/seo\/ -->\n<title>Oferta - PBPO<\/title>\n<meta name=\"robots\" content=\"index, follow, max-snippet:-1, max-image-preview:large, max-video-preview:-1\" \/>\n<link rel=\"canonical\" href=\"https:\/\/pbpo.pl\/?page_id=1563\" \/>\n<meta property=\"og:locale\" content=\"pl_PL\" \/>\n<meta property=\"og:type\" content=\"article\" \/>\n<meta property=\"og:title\" content=\"Oferta - PBPO\" \/>\n<meta property=\"og:description\" content=\"Oferta Agencje Turystyczne:Wycieczki PBPO dost\u0119pne s\u0105 w ponad 2000 Biurach Podr\u00f3\u017cy na terenie ca\u0142ego kraju.Skontaktuj si\u0119 z nami, a znajdziemy dla Ciebie najbli\u017csze biuro z nasz\u0105 ofert\u0105. Sprzeda\u017c:kom.+48 606 607 061tel.+48 89 535 08 18 Godziny pracy:pn-pt 09:00-17:00sobota 10:00 -14:00 (maj-pa\u017adziernik) e-mail: biuro@pbpo.plinternet: www.pbpo.pl e-mail: biuro@pbpo.plinternet: www.pbpo.pl\" \/>\n<meta property=\"og:url\" content=\"https:\/\/pbpo.pl\/?page_id=1563\" \/>\n<meta property=\"og:site_name\" content=\"PBPO\" \/>\n<meta property=\"article:publisher\" content=\"https:\/\/www.facebook.com\/pbpolsztyn\" \/>\n<meta property=\"article:modified_time\" content=\"2024-01-09T13:07:23+00:00\" \/>\n<meta name=\"twitter:card\" content=\"summary_large_image\" \/>\n<meta name=\"twitter:label1\" content=\"Szacowany czas czytania\" \/>\n\t<meta name=\"twitter:data1\" content=\"4 minuty\" \/>\n<script type=\"application\/ld+json\" class=\"yoast-schema-graph\">{\"@context\":\"https:\/\/schema.org\",\"@graph\":[{\"@type\":\"WebPage\",\"@id\":\"https:\/\/pbpo.pl\/?page_id=1563\",\"url\":\"https:\/\/pbpo.pl\/?page_id=1563\",\"name\":\"Oferta - PBPO\",\"isPartOf\":{\"@id\":\"https:\/\/pbpo.pl\/#website\"},\"datePublished\":\"2021-03-11T11:57:14+00:00\",\"dateModified\":\"2024-01-09T13:07:23+00:00\",\"breadcrumb\":{\"@id\":\"https:\/\/pbpo.pl\/?page_id=1563#breadcrumb\"},\"inLanguage\":\"pl-PL\",\"potentialAction\":[{\"@type\":\"ReadAction\",\"target\":[\"https:\/\/pbpo.pl\/?page_id=1563\"]}]},{\"@type\":\"BreadcrumbList\",\"@id\":\"https:\/\/pbpo.pl\/?page_id=1563#breadcrumb\",\"itemListElement\":[{\"@type\":\"ListItem\",\"position\":1,\"name\":\"Strona g\u0142\u00f3wna\",\"item\":\"https:\/\/pbpo.pl\/\"},{\"@type\":\"ListItem\",\"position\":2,\"name\":\"Oferta\"}]},{\"@type\":\"WebSite\",\"@id\":\"https:\/\/pbpo.pl\/#website\",\"url\":\"https:\/\/pbpo.pl\/\",\"name\":\"PBPO\",\"description\":\"Organizator turystyki, Wycieczki Autokarowe po Europie, Krajach Ba\u0142tyckich i Rosji\",\"publisher\":{\"@id\":\"https:\/\/pbpo.pl\/#organization\"},\"potentialAction\":[{\"@type\":\"SearchAction\",\"target\":{\"@type\":\"EntryPoint\",\"urlTemplate\":\"https:\/\/pbpo.pl\/?s={search_term_string}\"},\"query-input\":{\"@type\":\"PropertyValueSpecification\",\"valueRequired\":true,\"valueName\":\"search_term_string\"}}],\"inLanguage\":\"pl-PL\"},{\"@type\":\"Organization\",\"@id\":\"https:\/\/pbpo.pl\/#organization\",\"name\":\"Polskie Biuro Podr\u00f3\u017cy Olsztyn\",\"url\":\"https:\/\/pbpo.pl\/\",\"logo\":{\"@type\":\"ImageObject\",\"inLanguage\":\"pl-PL\",\"@id\":\"https:\/\/pbpo.pl\/#\/schema\/logo\/image\/\",\"url\":\"https:\/\/pbpo.pl\/wp-content\/uploads\/2018\/12\/pbpo-2.jpg\",\"contentUrl\":\"https:\/\/pbpo.pl\/wp-content\/uploads\/2018\/12\/pbpo-2.jpg\",\"width\":350,\"height\":135,\"caption\":\"Polskie Biuro Podr\u00f3\u017cy Olsztyn\"},\"image\":{\"@id\":\"https:\/\/pbpo.pl\/#\/schema\/logo\/image\/\"},\"sameAs\":[\"https:\/\/www.facebook.com\/pbpolsztyn\",\"https:\/\/www.instagram.com\/pbpo_pl\/\"]}]}<\/script>\n<!-- \/ Yoast SEO plugin. -->","yoast_head_json":{"title":"Oferta - PBPO","robots":{"index":"index","follow":"follow","max-snippet":"max-snippet:-1","max-image-preview":"max-image-preview:large","max-video-preview":"max-video-preview:-1"},"canonical":"https:\/\/pbpo.pl\/?page_id=1563","og_locale":"pl_PL","og_type":"article","og_title":"Oferta - PBPO","og_description":"Oferta Agencje Turystyczne:Wycieczki PBPO dost\u0119pne s\u0105 w ponad 2000 Biurach Podr\u00f3\u017cy na terenie ca\u0142ego kraju.Skontaktuj si\u0119 z nami, a znajdziemy dla Ciebie najbli\u017csze biuro z nasz\u0105 ofert\u0105. Sprzeda\u017c:kom.+48 606 607 061tel.+48 89 535 08 18 Godziny pracy:pn-pt 09:00-17:00sobota 10:00 -14:00 (maj-pa\u017adziernik) e-mail: biuro@pbpo.plinternet: www.pbpo.pl e-mail: biuro@pbpo.plinternet: www.pbpo.pl","og_url":"https:\/\/pbpo.pl\/?page_id=1563","og_site_name":"PBPO","article_publisher":"https:\/\/www.facebook.com\/pbpolsztyn","article_modified_time":"2024-01-09T13:07:23+00:00","twitter_card":"summary_large_image","twitter_misc":{"Szacowany czas czytania":"4 minuty"},"schema":{"@context":"https:\/\/schema.org","@graph":[{"@type":"WebPage","@id":"https:\/\/pbpo.pl\/?page_id=1563","url":"https:\/\/pbpo.pl\/?page_id=1563","name":"Oferta - PBPO","isPartOf":{"@id":"https:\/\/pbpo.pl\/#website"},"datePublished":"2021-03-11T11:57:14+00:00","dateModified":"2024-01-09T13:07:23+00:00","breadcrumb":{"@id":"https:\/\/pbpo.pl\/?page_id=1563#breadcrumb"},"inLanguage":"pl-PL","potentialAction":[{"@type":"ReadAction","target":["https:\/\/pbpo.pl\/?page_id=1563"]}]},{"@type":"BreadcrumbList","@id":"https:\/\/pbpo.pl\/?page_id=1563#breadcrumb","itemListElement":[{"@type":"ListItem","position":1,"name":"Strona g\u0142\u00f3wna","item":"https:\/\/pbpo.pl\/"},{"@type":"ListItem","position":2,"name":"Oferta"}]},{"@type":"WebSite","@id":"https:\/\/pbpo.pl\/#website","url":"https:\/\/pbpo.pl\/","name":"PBPO","description":"Organizator turystyki, Wycieczki Autokarowe po Europie, Krajach Ba\u0142tyckich i Rosji","publisher":{"@id":"https:\/\/pbpo.pl\/#organization"},"potentialAction":[{"@type":"SearchAction","target":{"@type":"EntryPoint","urlTemplate":"https:\/\/pbpo.pl\/?s={search_term_string}"},"query-input":{"@type":"PropertyValueSpecification","valueRequired":true,"valueName":"search_term_string"}}],"inLanguage":"pl-PL"},{"@type":"Organization","@id":"https:\/\/pbpo.pl\/#organization","name":"Polskie Biuro Podr\u00f3\u017cy Olsztyn","url":"https:\/\/pbpo.pl\/","logo":{"@type":"ImageObject","inLanguage":"pl-PL","@id":"https:\/\/pbpo.pl\/#\/schema\/logo\/image\/","url":"https:\/\/pbpo.pl\/wp-content\/uploads\/2018\/12\/pbpo-2.jpg","contentUrl":"https:\/\/pbpo.pl\/wp-content\/uploads\/2018\/12\/pbpo-2.jpg","width":350,"height":135,"caption":"Polskie Biuro Podr\u00f3\u017cy Olsztyn"},"image":{"@id":"https:\/\/pbpo.pl\/#\/schema\/logo\/image\/"},"sameAs":["https:\/\/www.facebook.com\/pbpolsztyn","https:\/\/www.instagram.com\/pbpo_pl\/"]}]}},"_links":{"self":[{"href":"https:\/\/pbpo.pl\/index.php?rest_route=\/wp\/v2\/pages\/1563","targetHints":{"allow":["GET"]}}],"collection":[{"href":"https:\/\/pbpo.pl\/index.php?rest_route=\/wp\/v2\/pages"}],"about":[{"href":"https:\/\/pbpo.pl\/index.php?rest_route=\/wp\/v2\/types\/page"}],"author":[{"embeddable":true,"href":"https:\/\/pbpo.pl\/index.php?rest_route=\/wp\/v2\/users\/2"}],"replies":[{"embeddable":true,"href":"https:\/\/pbpo.pl\/index.php?rest_route=%2Fwp%2Fv2%2Fcomments&post=1563"}],"version-history":[{"count":5,"href":"https:\/\/pbpo.pl\/index.php?rest_route=\/wp\/v2\/pages\/1563\/revisions"}],"predecessor-version":[{"id":2615,"href":"https:\/\/pbpo.pl\/index.php?rest_route=\/wp\/v2\/pages\/1563\/revisions\/2615"}],"wp:attachment":[{"href":"https:\/\/pbpo.pl\/index.php?rest_route=%2Fwp%2Fv2%2Fmedia&parent=1563"}],"curies":[{"name":"wp","href":"https:\/\/api.w.org\/{rel}","templated":true}]}}